{"id":3814,"date":"2021-09-03T08:50:14","date_gmt":"2021-09-03T08:50:14","guid":{"rendered":"https:\/\/brtva-plast.hr\/?post_type=product&#038;p=3814"},"modified":"2021-09-03T08:53:51","modified_gmt":"2021-09-03T08:53:51","slug":"set-brtvi-za-vodokotlice","status":"publish","type":"product","link":"https:\/\/brtva-plast.hr\/en\/product\/set-brtvi-za-vodokotlice\/","title":{"rendered":"Washers for flushing systems"},"content":{"rendered":"","protected":false},"excerpt":{"rendered":"","protected":false},"featured_media":3817,"template":"elementor_theme","meta":{"_monsterinsights_skip_tracking":false,"_monsterinsights_sitenote_active":false,"_monsterinsights_sitenote_note":"","_monsterinsights_sitenote_category":0},"product_brand":[],"product_cat":[274],"product_tag":[89,275,290,177],"class_list":{"0":"post-3814","1":"product","2":"type-product","3":"status-publish","4":"has-post-thumbnail","6":"product_cat-garniture-brtvi-i-manzeta","7":"product_tag-brtva","8":"product_tag-set","9":"product_tag-vodokotlice","10":"product_tag-za","12":"first","13":"instock","14":"sold-individually","15":"shipping-taxable","16":"purchasable","17":"product-type-variable","18":"has-default-attributes"},"yoast_head":"<!-- This site is optimized with the Yoast SEO plugin v27.3 - https:\/\/yoast.com\/product\/yoast-seo-wordpress\/ -->\n<title>Set brtvi za vodokotli\u0107e - Brtva Plast - Najkvalitetnija WC Sjedala<\/title>\n<meta name=\"description\" content=\"Set brtvi za vodokotli\u0107e - Brtva Plast - 2026 - Najkvalitetnija WC Sjedala - 3814 - Dobro do\u0161li u svijet najboljih WC Sjedala na,,,\" \/>\n<meta name=\"robots\" content=\"index, follow, max-snippet:-1, max-image-preview:large, max-video-preview:-1\" \/>\n<link rel=\"canonical\" href=\"https:\/\/brtva-plast.hr\/en\/product\/set-brtvi-za-vodokotlice\/\" \/>\n<meta property=\"og:locale\" content=\"en_GB\" \/>\n<meta property=\"og:type\" content=\"article\" \/>\n<meta property=\"og:title\" content=\"Set brtvi za vodokotli\u0107e - Brtva Plast - Najkvalitetnija WC Sjedala\" \/>\n<meta property=\"og:description\" content=\"Set brtvi za vodokotli\u0107e - Brtva Plast - 2026 - Najkvalitetnija WC Sjedala - 3814 - Dobro do\u0161li u svijet najboljih WC Sjedala na,,,\" \/>\n<meta property=\"og:url\" content=\"https:\/\/brtva-plast.hr\/en\/product\/set-brtvi-za-vodokotlice\/\" \/>\n<meta property=\"og:site_name\" content=\"Brtva Plast\" \/>\n<meta property=\"article:publisher\" content=\"https:\/\/www.facebook.com\/Brtva-plast-237635193107523\/\" \/>\n<meta property=\"article:modified_time\" content=\"2021-09-03T08:53:51+00:00\" \/>\n<meta property=\"og:image\" content=\"https:\/\/i0.wp.com\/brtva-plast.hr\/wp-content\/uploads\/2021\/09\/601347.jpg?fit=711%2C630&ssl=1\" \/>\n\t<meta property=\"og:image:width\" content=\"711\" \/>\n\t<meta property=\"og:image:height\" content=\"630\" \/>\n\t<meta property=\"og:image:type\" content=\"image\/jpeg\" \/>\n<meta name=\"twitter:card\" content=\"summary_large_image\" \/>\n<script type=\"application\/ld+json\" class=\"yoast-schema-graph\">{\"@context\":\"https:\\\/\\\/schema.org\",\"@graph\":[{\"@type\":\"WebPage\",\"@id\":\"https:\\\/\\\/brtva-plast.hr\\\/proizvod\\\/set-brtvi-za-vodokotlice\\\/\",\"url\":\"https:\\\/\\\/brtva-plast.hr\\\/proizvod\\\/set-brtvi-za-vodokotlice\\\/\",\"name\":\"Set brtvi za vodokotli\u0107e - Brtva Plast - Najkvalitetnija WC Sjedala\",\"isPartOf\":{\"@id\":\"https:\\\/\\\/brtva-plast.hr\\\/en\\\/#website\"},\"primaryImageOfPage\":{\"@id\":\"https:\\\/\\\/brtva-plast.hr\\\/proizvod\\\/set-brtvi-za-vodokotlice\\\/#primaryimage\"},\"image\":{\"@id\":\"https:\\\/\\\/brtva-plast.hr\\\/proizvod\\\/set-brtvi-za-vodokotlice\\\/#primaryimage\"},\"thumbnailUrl\":\"https:\\\/\\\/i0.wp.com\\\/brtva-plast.hr\\\/wp-content\\\/uploads\\\/2021\\\/09\\\/601347.jpg?fit=711%2C630&ssl=1\",\"datePublished\":\"2021-09-03T08:50:14+00:00\",\"dateModified\":\"2021-09-03T08:53:51+00:00\",\"description\":\"Set brtvi za vodokotli\u0107e - Brtva Plast - 2026 - Najkvalitetnija WC Sjedala - 3814 - Dobro do\u0161li u svijet najboljih WC Sjedala na,,,\",\"breadcrumb\":{\"@id\":\"https:\\\/\\\/brtva-plast.hr\\\/proizvod\\\/set-brtvi-za-vodokotlice\\\/#breadcrumb\"},\"inLanguage\":\"en-GB\",\"potentialAction\":[{\"@type\":\"ReadAction\",\"target\":[\"https:\\\/\\\/brtva-plast.hr\\\/proizvod\\\/set-brtvi-za-vodokotlice\\\/\"]}]},{\"@type\":\"ImageObject\",\"inLanguage\":\"en-GB\",\"@id\":\"https:\\\/\\\/brtva-plast.hr\\\/proizvod\\\/set-brtvi-za-vodokotlice\\\/#primaryimage\",\"url\":\"https:\\\/\\\/i0.wp.com\\\/brtva-plast.hr\\\/wp-content\\\/uploads\\\/2021\\\/09\\\/601347.jpg?fit=711%2C630&ssl=1\",\"contentUrl\":\"https:\\\/\\\/i0.wp.com\\\/brtva-plast.hr\\\/wp-content\\\/uploads\\\/2021\\\/09\\\/601347.jpg?fit=711%2C630&ssl=1\",\"width\":711,\"height\":630,\"caption\":\"601347\"},{\"@type\":\"BreadcrumbList\",\"@id\":\"https:\\\/\\\/brtva-plast.hr\\\/proizvod\\\/set-brtvi-za-vodokotlice\\\/#breadcrumb\",\"itemListElement\":[{\"@type\":\"ListItem\",\"position\":1,\"name\":\"Home\",\"item\":\"https:\\\/\\\/brtva-plast.hr\\\/\"},{\"@type\":\"ListItem\",\"position\":2,\"name\":\"Proizvodi\",\"item\":\"https:\\\/\\\/brtva-plast.hr\\\/proizvodi\\\/\"},{\"@type\":\"ListItem\",\"position\":3,\"name\":\"Set brtvi za vodokotli\u0107e\"}]},{\"@type\":\"WebSite\",\"@id\":\"https:\\\/\\\/brtva-plast.hr\\\/en\\\/#website\",\"url\":\"https:\\\/\\\/brtva-plast.hr\\\/en\\\/\",\"name\":\"Brtva Plast\",\"description\":\"Najkvalitetnija WC Sjedala\",\"publisher\":{\"@id\":\"https:\\\/\\\/brtva-plast.hr\\\/en\\\/#organization\"},\"potentialAction\":[{\"@type\":\"SearchAction\",\"target\":{\"@type\":\"EntryPoint\",\"urlTemplate\":\"https:\\\/\\\/brtva-plast.hr\\\/en\\\/?s={search_term_string}\"},\"query-input\":{\"@type\":\"PropertyValueSpecification\",\"valueRequired\":true,\"valueName\":\"search_term_string\"}}],\"inLanguage\":\"en-GB\"},{\"@type\":\"Organization\",\"@id\":\"https:\\\/\\\/brtva-plast.hr\\\/en\\\/#organization\",\"name\":\"Brtva Plast\",\"url\":\"https:\\\/\\\/brtva-plast.hr\\\/en\\\/\",\"logo\":{\"@type\":\"ImageObject\",\"inLanguage\":\"en-GB\",\"@id\":\"https:\\\/\\\/brtva-plast.hr\\\/en\\\/#\\\/schema\\\/logo\\\/image\\\/\",\"url\":\"https:\\\/\\\/brtva-plast.hr\\\/wp-content\\\/uploads\\\/2021\\\/05\\\/output-onlinepngtools-1.png\",\"contentUrl\":\"https:\\\/\\\/brtva-plast.hr\\\/wp-content\\\/uploads\\\/2021\\\/05\\\/output-onlinepngtools-1.png\",\"width\":1772,\"height\":591,\"caption\":\"Brtva Plast\"},\"image\":{\"@id\":\"https:\\\/\\\/brtva-plast.hr\\\/en\\\/#\\\/schema\\\/logo\\\/image\\\/\"},\"sameAs\":[\"https:\\\/\\\/www.facebook.com\\\/Brtva-plast-237635193107523\\\/\"]}]}<\/script>\n<!-- \/ Yoast SEO plugin. -->","yoast_head_json":{"title":"Set brtvi za vodokotli\u0107e - Brtva Plast - Najkvalitetnija WC Sjedala","description":"Set brtvi za vodokotli\u0107e - Brtva Plast - 2026 - Najkvalitetnija WC Sjedala - 3814 - Dobro do\u0161li u svijet najboljih WC Sjedala na,,,","robots":{"index":"index","follow":"follow","max-snippet":"max-snippet:-1","max-image-preview":"max-image-preview:large","max-video-preview":"max-video-preview:-1"},"canonical":"https:\/\/brtva-plast.hr\/en\/product\/set-brtvi-za-vodokotlice\/","og_locale":"en_GB","og_type":"article","og_title":"Set brtvi za vodokotli\u0107e - Brtva Plast - Najkvalitetnija WC Sjedala","og_description":"Set brtvi za vodokotli\u0107e - Brtva Plast - 2026 - Najkvalitetnija WC Sjedala - 3814 - Dobro do\u0161li u svijet najboljih WC Sjedala na,,,","og_url":"https:\/\/brtva-plast.hr\/en\/product\/set-brtvi-za-vodokotlice\/","og_site_name":"Brtva Plast","article_publisher":"https:\/\/www.facebook.com\/Brtva-plast-237635193107523\/","article_modified_time":"2021-09-03T08:53:51+00:00","og_image":[{"width":711,"height":630,"url":"https:\/\/i0.wp.com\/brtva-plast.hr\/wp-content\/uploads\/2021\/09\/601347.jpg?fit=711%2C630&ssl=1","type":"image\/jpeg"}],"twitter_card":"summary_large_image","schema":{"@context":"https:\/\/schema.org","@graph":[{"@type":"WebPage","@id":"https:\/\/brtva-plast.hr\/proizvod\/set-brtvi-za-vodokotlice\/","url":"https:\/\/brtva-plast.hr\/proizvod\/set-brtvi-za-vodokotlice\/","name":"Set brtvi za vodokotli\u0107e - Brtva Plast - Najkvalitetnija WC Sjedala","isPartOf":{"@id":"https:\/\/brtva-plast.hr\/en\/#website"},"primaryImageOfPage":{"@id":"https:\/\/brtva-plast.hr\/proizvod\/set-brtvi-za-vodokotlice\/#primaryimage"},"image":{"@id":"https:\/\/brtva-plast.hr\/proizvod\/set-brtvi-za-vodokotlice\/#primaryimage"},"thumbnailUrl":"https:\/\/i0.wp.com\/brtva-plast.hr\/wp-content\/uploads\/2021\/09\/601347.jpg?fit=711%2C630&ssl=1","datePublished":"2021-09-03T08:50:14+00:00","dateModified":"2021-09-03T08:53:51+00:00","description":"Set brtvi za vodokotli\u0107e - Brtva Plast - 2026 - Najkvalitetnija WC Sjedala - 3814 - Dobro do\u0161li u svijet najboljih WC Sjedala na,,,","breadcrumb":{"@id":"https:\/\/brtva-plast.hr\/proizvod\/set-brtvi-za-vodokotlice\/#breadcrumb"},"inLanguage":"en-GB","potentialAction":[{"@type":"ReadAction","target":["https:\/\/brtva-plast.hr\/proizvod\/set-brtvi-za-vodokotlice\/"]}]},{"@type":"ImageObject","inLanguage":"en-GB","@id":"https:\/\/brtva-plast.hr\/proizvod\/set-brtvi-za-vodokotlice\/#primaryimage","url":"https:\/\/i0.wp.com\/brtva-plast.hr\/wp-content\/uploads\/2021\/09\/601347.jpg?fit=711%2C630&ssl=1","contentUrl":"https:\/\/i0.wp.com\/brtva-plast.hr\/wp-content\/uploads\/2021\/09\/601347.jpg?fit=711%2C630&ssl=1","width":711,"height":630,"caption":"601347"},{"@type":"BreadcrumbList","@id":"https:\/\/brtva-plast.hr\/proizvod\/set-brtvi-za-vodokotlice\/#breadcrumb","itemListElement":[{"@type":"ListItem","position":1,"name":"Home","item":"https:\/\/brtva-plast.hr\/"},{"@type":"ListItem","position":2,"name":"Proizvodi","item":"https:\/\/brtva-plast.hr\/proizvodi\/"},{"@type":"ListItem","position":3,"name":"Set brtvi za vodokotli\u0107e"}]},{"@type":"WebSite","@id":"https:\/\/brtva-plast.hr\/en\/#website","url":"https:\/\/brtva-plast.hr\/en\/","name":"Brtva Plast","description":"Najkvalitetnija WC Sjedala","publisher":{"@id":"https:\/\/brtva-plast.hr\/en\/#organization"},"potentialAction":[{"@type":"SearchAction","target":{"@type":"EntryPoint","urlTemplate":"https:\/\/brtva-plast.hr\/en\/?s={search_term_string}"},"query-input":{"@type":"PropertyValueSpecification","valueRequired":true,"valueName":"search_term_string"}}],"inLanguage":"en-GB"},{"@type":"Organization","@id":"https:\/\/brtva-plast.hr\/en\/#organization","name":"Brtva Plast","url":"https:\/\/brtva-plast.hr\/en\/","logo":{"@type":"ImageObject","inLanguage":"en-GB","@id":"https:\/\/brtva-plast.hr\/en\/#\/schema\/logo\/image\/","url":"https:\/\/brtva-plast.hr\/wp-content\/uploads\/2021\/05\/output-onlinepngtools-1.png","contentUrl":"https:\/\/brtva-plast.hr\/wp-content\/uploads\/2021\/05\/output-onlinepngtools-1.png","width":1772,"height":591,"caption":"Brtva Plast"},"image":{"@id":"https:\/\/brtva-plast.hr\/en\/#\/schema\/logo\/image\/"},"sameAs":["https:\/\/www.facebook.com\/Brtva-plast-237635193107523\/"]}]}},"jetpack_sharing_enabled":true,"_links":{"self":[{"href":"https:\/\/brtva-plast.hr\/en\/wp-json\/wp\/v2\/product\/3814","targetHints":{"allow":["GET"]}}],"collection":[{"href":"https:\/\/brtva-plast.hr\/en\/wp-json\/wp\/v2\/product"}],"about":[{"href":"https:\/\/brtva-plast.hr\/en\/wp-json\/wp\/v2\/types\/product"}],"version-history":[{"count":1,"href":"https:\/\/brtva-plast.hr\/en\/wp-json\/wp\/v2\/product\/3814\/revisions"}],"predecessor-version":[{"id":3819,"href":"https:\/\/brtva-plast.hr\/en\/wp-json\/wp\/v2\/product\/3814\/revisions\/3819"}],"wp:featuredmedia":[{"embeddable":true,"href":"https:\/\/brtva-plast.hr\/en\/wp-json\/wp\/v2\/media\/3817"}],"wp:attachment":[{"href":"https:\/\/brtva-plast.hr\/en\/wp-json\/wp\/v2\/media?parent=3814"}],"wp:term":[{"taxonomy":"product_brand","embeddable":true,"href":"https:\/\/brtva-plast.hr\/en\/wp-json\/wp\/v2\/product_brand?post=3814"},{"taxonomy":"product_cat","embeddable":true,"href":"https:\/\/brtva-plast.hr\/en\/wp-json\/wp\/v2\/product_cat?post=3814"},{"taxonomy":"product_tag","embeddable":true,"href":"https:\/\/brtva-plast.hr\/en\/wp-json\/wp\/v2\/product_tag?post=3814"}],"curies":[{"name":"wp","href":"https:\/\/api.w.org\/{rel}","templated":true}]}}