{"id":3581,"date":"2021-08-19T11:30:25","date_gmt":"2021-08-19T11:30:25","guid":{"rendered":"https:\/\/brtva-plast.hr\/?post_type=product&#038;p=3581"},"modified":"2021-08-19T11:33:12","modified_gmt":"2021-08-19T11:33:12","slug":"vijci-za-montazu-bojlera-s-hangar-vijkom","status":"publish","type":"product","link":"https:\/\/brtva-plast.hr\/en\/product\/vijci-za-montazu-bojlera-s-hangar-vijkom\/","title":{"rendered":"Hanger bolts for mounting water heaters"},"content":{"rendered":"","protected":false},"excerpt":{"rendered":"","protected":false},"featured_media":3572,"template":"elementor_theme","meta":{"_monsterinsights_skip_tracking":false,"_monsterinsights_sitenote_active":false,"_monsterinsights_sitenote_note":"","_monsterinsights_sitenote_category":0},"product_brand":[],"product_cat":[262],"product_tag":[264,118,265],"class_list":{"0":"post-3581","1":"product","2":"type-product","3":"status-publish","4":"has-post-thumbnail","6":"product_cat-pribor-za-montazu","7":"product_tag-celik","8":"product_tag-steel","9":"product_tag-vijci-za-montazu-bojlera-s-hangar-vijkom","11":"first","12":"instock","13":"sold-individually","14":"shipping-taxable","15":"purchasable","16":"product-type-variable","17":"has-default-attributes"},"yoast_head":"<!-- This site is optimized with the Yoast SEO plugin v27.3 - https:\/\/yoast.com\/product\/yoast-seo-wordpress\/ -->\n<title>Vijci za monta\u017eu bojlera s hangar vijkom - Brtva Plast<\/title>\n<meta name=\"description\" content=\"Vijci za monta\u017eu bojlera s hangar vijkom - Brtva Plast - 2026 - Najkvalitetnija WC Sjedala - 3581 - Dobro do\u0161li u svijet najboljih WC...\" \/>\n<meta name=\"robots\" content=\"index, follow, max-snippet:-1, max-image-preview:large, max-video-preview:-1\" \/>\n<link rel=\"canonical\" href=\"https:\/\/brtva-plast.hr\/en\/product\/vijci-za-montazu-bojlera-s-hangar-vijkom\/\" \/>\n<meta property=\"og:locale\" content=\"en_GB\" \/>\n<meta property=\"og:type\" content=\"article\" \/>\n<meta property=\"og:title\" content=\"Vijci za monta\u017eu bojlera s hangar vijkom - Brtva Plast\" \/>\n<meta property=\"og:description\" content=\"Vijci za monta\u017eu bojlera s hangar vijkom - Brtva Plast - 2026 - Najkvalitetnija WC Sjedala - 3581 - Dobro do\u0161li u svijet najboljih WC...\" \/>\n<meta property=\"og:url\" content=\"https:\/\/brtva-plast.hr\/en\/product\/vijci-za-montazu-bojlera-s-hangar-vijkom\/\" \/>\n<meta property=\"og:site_name\" content=\"Brtva Plast\" \/>\n<meta property=\"article:publisher\" content=\"https:\/\/www.facebook.com\/Brtva-plast-237635193107523\/\" \/>\n<meta property=\"article:modified_time\" content=\"2021-08-19T11:33:12+00:00\" \/>\n<meta property=\"og:image\" content=\"https:\/\/i0.wp.com\/brtva-plast.hr\/wp-content\/uploads\/2021\/08\/125.jpg?fit=672%2C454&ssl=1\" \/>\n\t<meta property=\"og:image:width\" content=\"672\" \/>\n\t<meta property=\"og:image:height\" content=\"454\" \/>\n\t<meta property=\"og:image:type\" content=\"image\/jpeg\" \/>\n<meta name=\"twitter:card\" content=\"summary_large_image\" \/>\n<script type=\"application\/ld+json\" class=\"yoast-schema-graph\">{\"@context\":\"https:\\\/\\\/schema.org\",\"@graph\":[{\"@type\":\"WebPage\",\"@id\":\"https:\\\/\\\/brtva-plast.hr\\\/proizvod\\\/vijci-za-montazu-bojlera-s-hangar-vijkom\\\/\",\"url\":\"https:\\\/\\\/brtva-plast.hr\\\/proizvod\\\/vijci-za-montazu-bojlera-s-hangar-vijkom\\\/\",\"name\":\"Vijci za monta\u017eu bojlera s hangar vijkom - Brtva Plast\",\"isPartOf\":{\"@id\":\"https:\\\/\\\/brtva-plast.hr\\\/en\\\/#website\"},\"primaryImageOfPage\":{\"@id\":\"https:\\\/\\\/brtva-plast.hr\\\/proizvod\\\/vijci-za-montazu-bojlera-s-hangar-vijkom\\\/#primaryimage\"},\"image\":{\"@id\":\"https:\\\/\\\/brtva-plast.hr\\\/proizvod\\\/vijci-za-montazu-bojlera-s-hangar-vijkom\\\/#primaryimage\"},\"thumbnailUrl\":\"https:\\\/\\\/i0.wp.com\\\/brtva-plast.hr\\\/wp-content\\\/uploads\\\/2021\\\/08\\\/125.jpg?fit=672%2C454&ssl=1\",\"datePublished\":\"2021-08-19T11:30:25+00:00\",\"dateModified\":\"2021-08-19T11:33:12+00:00\",\"description\":\"Vijci za monta\u017eu bojlera s hangar vijkom - Brtva Plast - 2026 - Najkvalitetnija WC Sjedala - 3581 - Dobro do\u0161li u svijet najboljih WC...\",\"breadcrumb\":{\"@id\":\"https:\\\/\\\/brtva-plast.hr\\\/proizvod\\\/vijci-za-montazu-bojlera-s-hangar-vijkom\\\/#breadcrumb\"},\"inLanguage\":\"en-GB\",\"potentialAction\":[{\"@type\":\"ReadAction\",\"target\":[\"https:\\\/\\\/brtva-plast.hr\\\/proizvod\\\/vijci-za-montazu-bojlera-s-hangar-vijkom\\\/\"]}]},{\"@type\":\"ImageObject\",\"inLanguage\":\"en-GB\",\"@id\":\"https:\\\/\\\/brtva-plast.hr\\\/proizvod\\\/vijci-za-montazu-bojlera-s-hangar-vijkom\\\/#primaryimage\",\"url\":\"https:\\\/\\\/i0.wp.com\\\/brtva-plast.hr\\\/wp-content\\\/uploads\\\/2021\\\/08\\\/125.jpg?fit=672%2C454&ssl=1\",\"contentUrl\":\"https:\\\/\\\/i0.wp.com\\\/brtva-plast.hr\\\/wp-content\\\/uploads\\\/2021\\\/08\\\/125.jpg?fit=672%2C454&ssl=1\",\"width\":672,\"height\":454,\"caption\":\"125\"},{\"@type\":\"BreadcrumbList\",\"@id\":\"https:\\\/\\\/brtva-plast.hr\\\/proizvod\\\/vijci-za-montazu-bojlera-s-hangar-vijkom\\\/#breadcrumb\",\"itemListElement\":[{\"@type\":\"ListItem\",\"position\":1,\"name\":\"Home\",\"item\":\"https:\\\/\\\/brtva-plast.hr\\\/\"},{\"@type\":\"ListItem\",\"position\":2,\"name\":\"Proizvodi\",\"item\":\"https:\\\/\\\/brtva-plast.hr\\\/proizvodi\\\/\"},{\"@type\":\"ListItem\",\"position\":3,\"name\":\"Vijci za monta\u017eu bojlera s hangar vijkom\"}]},{\"@type\":\"WebSite\",\"@id\":\"https:\\\/\\\/brtva-plast.hr\\\/en\\\/#website\",\"url\":\"https:\\\/\\\/brtva-plast.hr\\\/en\\\/\",\"name\":\"Brtva Plast\",\"description\":\"Najkvalitetnija WC Sjedala\",\"publisher\":{\"@id\":\"https:\\\/\\\/brtva-plast.hr\\\/en\\\/#organization\"},\"potentialAction\":[{\"@type\":\"SearchAction\",\"target\":{\"@type\":\"EntryPoint\",\"urlTemplate\":\"https:\\\/\\\/brtva-plast.hr\\\/en\\\/?s={search_term_string}\"},\"query-input\":{\"@type\":\"PropertyValueSpecification\",\"valueRequired\":true,\"valueName\":\"search_term_string\"}}],\"inLanguage\":\"en-GB\"},{\"@type\":\"Organization\",\"@id\":\"https:\\\/\\\/brtva-plast.hr\\\/en\\\/#organization\",\"name\":\"Brtva Plast\",\"url\":\"https:\\\/\\\/brtva-plast.hr\\\/en\\\/\",\"logo\":{\"@type\":\"ImageObject\",\"inLanguage\":\"en-GB\",\"@id\":\"https:\\\/\\\/brtva-plast.hr\\\/en\\\/#\\\/schema\\\/logo\\\/image\\\/\",\"url\":\"https:\\\/\\\/brtva-plast.hr\\\/wp-content\\\/uploads\\\/2021\\\/05\\\/output-onlinepngtools-1.png\",\"contentUrl\":\"https:\\\/\\\/brtva-plast.hr\\\/wp-content\\\/uploads\\\/2021\\\/05\\\/output-onlinepngtools-1.png\",\"width\":1772,\"height\":591,\"caption\":\"Brtva Plast\"},\"image\":{\"@id\":\"https:\\\/\\\/brtva-plast.hr\\\/en\\\/#\\\/schema\\\/logo\\\/image\\\/\"},\"sameAs\":[\"https:\\\/\\\/www.facebook.com\\\/Brtva-plast-237635193107523\\\/\"]}]}<\/script>\n<!-- \/ Yoast SEO plugin. -->","yoast_head_json":{"title":"Vijci za monta\u017eu bojlera s hangar vijkom - Brtva Plast","description":"Vijci za monta\u017eu bojlera s hangar vijkom - Brtva Plast - 2026 - Najkvalitetnija WC Sjedala - 3581 - Dobro do\u0161li u svijet najboljih WC...","robots":{"index":"index","follow":"follow","max-snippet":"max-snippet:-1","max-image-preview":"max-image-preview:large","max-video-preview":"max-video-preview:-1"},"canonical":"https:\/\/brtva-plast.hr\/en\/product\/vijci-za-montazu-bojlera-s-hangar-vijkom\/","og_locale":"en_GB","og_type":"article","og_title":"Vijci za monta\u017eu bojlera s hangar vijkom - Brtva Plast","og_description":"Vijci za monta\u017eu bojlera s hangar vijkom - Brtva Plast - 2026 - Najkvalitetnija WC Sjedala - 3581 - Dobro do\u0161li u svijet najboljih WC...","og_url":"https:\/\/brtva-plast.hr\/en\/product\/vijci-za-montazu-bojlera-s-hangar-vijkom\/","og_site_name":"Brtva Plast","article_publisher":"https:\/\/www.facebook.com\/Brtva-plast-237635193107523\/","article_modified_time":"2021-08-19T11:33:12+00:00","og_image":[{"width":672,"height":454,"url":"https:\/\/i0.wp.com\/brtva-plast.hr\/wp-content\/uploads\/2021\/08\/125.jpg?fit=672%2C454&ssl=1","type":"image\/jpeg"}],"twitter_card":"summary_large_image","schema":{"@context":"https:\/\/schema.org","@graph":[{"@type":"WebPage","@id":"https:\/\/brtva-plast.hr\/proizvod\/vijci-za-montazu-bojlera-s-hangar-vijkom\/","url":"https:\/\/brtva-plast.hr\/proizvod\/vijci-za-montazu-bojlera-s-hangar-vijkom\/","name":"Vijci za monta\u017eu bojlera s hangar vijkom - Brtva Plast","isPartOf":{"@id":"https:\/\/brtva-plast.hr\/en\/#website"},"primaryImageOfPage":{"@id":"https:\/\/brtva-plast.hr\/proizvod\/vijci-za-montazu-bojlera-s-hangar-vijkom\/#primaryimage"},"image":{"@id":"https:\/\/brtva-plast.hr\/proizvod\/vijci-za-montazu-bojlera-s-hangar-vijkom\/#primaryimage"},"thumbnailUrl":"https:\/\/i0.wp.com\/brtva-plast.hr\/wp-content\/uploads\/2021\/08\/125.jpg?fit=672%2C454&ssl=1","datePublished":"2021-08-19T11:30:25+00:00","dateModified":"2021-08-19T11:33:12+00:00","description":"Vijci za monta\u017eu bojlera s hangar vijkom - Brtva Plast - 2026 - Najkvalitetnija WC Sjedala - 3581 - Dobro do\u0161li u svijet najboljih WC...","breadcrumb":{"@id":"https:\/\/brtva-plast.hr\/proizvod\/vijci-za-montazu-bojlera-s-hangar-vijkom\/#breadcrumb"},"inLanguage":"en-GB","potentialAction":[{"@type":"ReadAction","target":["https:\/\/brtva-plast.hr\/proizvod\/vijci-za-montazu-bojlera-s-hangar-vijkom\/"]}]},{"@type":"ImageObject","inLanguage":"en-GB","@id":"https:\/\/brtva-plast.hr\/proizvod\/vijci-za-montazu-bojlera-s-hangar-vijkom\/#primaryimage","url":"https:\/\/i0.wp.com\/brtva-plast.hr\/wp-content\/uploads\/2021\/08\/125.jpg?fit=672%2C454&ssl=1","contentUrl":"https:\/\/i0.wp.com\/brtva-plast.hr\/wp-content\/uploads\/2021\/08\/125.jpg?fit=672%2C454&ssl=1","width":672,"height":454,"caption":"125"},{"@type":"BreadcrumbList","@id":"https:\/\/brtva-plast.hr\/proizvod\/vijci-za-montazu-bojlera-s-hangar-vijkom\/#breadcrumb","itemListElement":[{"@type":"ListItem","position":1,"name":"Home","item":"https:\/\/brtva-plast.hr\/"},{"@type":"ListItem","position":2,"name":"Proizvodi","item":"https:\/\/brtva-plast.hr\/proizvodi\/"},{"@type":"ListItem","position":3,"name":"Vijci za monta\u017eu bojlera s hangar vijkom"}]},{"@type":"WebSite","@id":"https:\/\/brtva-plast.hr\/en\/#website","url":"https:\/\/brtva-plast.hr\/en\/","name":"Brtva Plast","description":"Najkvalitetnija WC Sjedala","publisher":{"@id":"https:\/\/brtva-plast.hr\/en\/#organization"},"potentialAction":[{"@type":"SearchAction","target":{"@type":"EntryPoint","urlTemplate":"https:\/\/brtva-plast.hr\/en\/?s={search_term_string}"},"query-input":{"@type":"PropertyValueSpecification","valueRequired":true,"valueName":"search_term_string"}}],"inLanguage":"en-GB"},{"@type":"Organization","@id":"https:\/\/brtva-plast.hr\/en\/#organization","name":"Brtva Plast","url":"https:\/\/brtva-plast.hr\/en\/","logo":{"@type":"ImageObject","inLanguage":"en-GB","@id":"https:\/\/brtva-plast.hr\/en\/#\/schema\/logo\/image\/","url":"https:\/\/brtva-plast.hr\/wp-content\/uploads\/2021\/05\/output-onlinepngtools-1.png","contentUrl":"https:\/\/brtva-plast.hr\/wp-content\/uploads\/2021\/05\/output-onlinepngtools-1.png","width":1772,"height":591,"caption":"Brtva Plast"},"image":{"@id":"https:\/\/brtva-plast.hr\/en\/#\/schema\/logo\/image\/"},"sameAs":["https:\/\/www.facebook.com\/Brtva-plast-237635193107523\/"]}]}},"jetpack_sharing_enabled":true,"_links":{"self":[{"href":"https:\/\/brtva-plast.hr\/en\/wp-json\/wp\/v2\/product\/3581","targetHints":{"allow":["GET"]}}],"collection":[{"href":"https:\/\/brtva-plast.hr\/en\/wp-json\/wp\/v2\/product"}],"about":[{"href":"https:\/\/brtva-plast.hr\/en\/wp-json\/wp\/v2\/types\/product"}],"version-history":[{"count":1,"href":"https:\/\/brtva-plast.hr\/en\/wp-json\/wp\/v2\/product\/3581\/revisions"}],"predecessor-version":[{"id":3584,"href":"https:\/\/brtva-plast.hr\/en\/wp-json\/wp\/v2\/product\/3581\/revisions\/3584"}],"wp:featuredmedia":[{"embeddable":true,"href":"https:\/\/brtva-plast.hr\/en\/wp-json\/wp\/v2\/media\/3572"}],"wp:attachment":[{"href":"https:\/\/brtva-plast.hr\/en\/wp-json\/wp\/v2\/media?parent=3581"}],"wp:term":[{"taxonomy":"product_brand","embeddable":true,"href":"https:\/\/brtva-plast.hr\/en\/wp-json\/wp\/v2\/product_brand?post=3581"},{"taxonomy":"product_cat","embeddable":true,"href":"https:\/\/brtva-plast.hr\/en\/wp-json\/wp\/v2\/product_cat?post=3581"},{"taxonomy":"product_tag","embeddable":true,"href":"https:\/\/brtva-plast.hr\/en\/wp-json\/wp\/v2\/product_tag?post=3581"}],"curies":[{"name":"wp","href":"https:\/\/api.w.org\/{rel}","templated":true}]}}