{"id":3267,"date":"2021-07-29T08:38:41","date_gmt":"2021-07-29T08:38:41","guid":{"rendered":"https:\/\/brtva-plast.hr\/?post_type=product&#038;p=3267"},"modified":"2021-07-30T08:41:08","modified_gmt":"2021-07-30T08:41:08","slug":"brtva-za-flex-sifon","status":"publish","type":"product","link":"https:\/\/brtva-plast.hr\/en\/product\/brtva-za-flex-sifon\/","title":{"rendered":"Washer for flex syphon"},"content":{"rendered":"","protected":false},"excerpt":{"rendered":"","protected":false},"featured_media":3272,"template":"elementor_theme","meta":{"_monsterinsights_skip_tracking":false,"_monsterinsights_sitenote_active":false,"_monsterinsights_sitenote_note":"","_monsterinsights_sitenote_category":0},"product_brand":[],"product_cat":[187],"product_tag":[89,148,197,90,182,177],"class_list":{"0":"post-3267","1":"product","2":"type-product","3":"status-publish","4":"has-post-thumbnail","6":"product_cat-brtvila","7":"product_tag-brtva","8":"product_tag-crna","9":"product_tag-flex","10":"product_tag-plast","11":"product_tag-sifon","12":"product_tag-za","14":"first","15":"instock","16":"sold-individually","17":"shipping-taxable","18":"purchasable","19":"product-type-variable","20":"has-default-attributes"},"yoast_head":"<!-- This site is optimized with the Yoast SEO plugin v27.3 - https:\/\/yoast.com\/product\/yoast-seo-wordpress\/ -->\n<title>Brtva za flex sifon - Brtva Plast - Najkvalitetnija WC Sjedala - 2026<\/title>\n<meta name=\"description\" content=\"Brtva za flex sifon - Brtva Plast - 2026 - Najkvalitetnija WC Sjedala - 3267 - Dobro do\u0161li u svijet najboljih WC Sjedala na tr\u017ei\u0161tu...\" \/>\n<meta name=\"robots\" content=\"index, follow, max-snippet:-1, max-image-preview:large, max-video-preview:-1\" \/>\n<link rel=\"canonical\" href=\"https:\/\/brtva-plast.hr\/en\/product\/brtva-za-flex-sifon\/\" \/>\n<meta property=\"og:locale\" content=\"en_GB\" \/>\n<meta property=\"og:type\" content=\"article\" \/>\n<meta property=\"og:title\" content=\"Brtva za flex sifon - Brtva Plast - Najkvalitetnija WC Sjedala - 2026\" \/>\n<meta property=\"og:description\" content=\"Brtva za flex sifon - Brtva Plast - 2026 - Najkvalitetnija WC Sjedala - 3267 - Dobro do\u0161li u svijet najboljih WC Sjedala na tr\u017ei\u0161tu...\" \/>\n<meta property=\"og:url\" content=\"https:\/\/brtva-plast.hr\/en\/product\/brtva-za-flex-sifon\/\" \/>\n<meta property=\"og:site_name\" content=\"Brtva Plast\" \/>\n<meta property=\"article:publisher\" content=\"https:\/\/www.facebook.com\/Brtva-plast-237635193107523\/\" \/>\n<meta property=\"article:modified_time\" content=\"2021-07-30T08:41:08+00:00\" \/>\n<meta property=\"og:image\" content=\"https:\/\/i0.wp.com\/brtva-plast.hr\/wp-content\/uploads\/2021\/07\/27.jpg?fit=365%2C368&ssl=1\" \/>\n\t<meta property=\"og:image:width\" content=\"365\" \/>\n\t<meta property=\"og:image:height\" content=\"368\" \/>\n\t<meta property=\"og:image:type\" content=\"image\/jpeg\" \/>\n<meta name=\"twitter:card\" content=\"summary_large_image\" \/>\n<script type=\"application\/ld+json\" class=\"yoast-schema-graph\">{\"@context\":\"https:\\\/\\\/schema.org\",\"@graph\":[{\"@type\":\"WebPage\",\"@id\":\"https:\\\/\\\/brtva-plast.hr\\\/proizvod\\\/brtva-za-flex-sifon\\\/\",\"url\":\"https:\\\/\\\/brtva-plast.hr\\\/proizvod\\\/brtva-za-flex-sifon\\\/\",\"name\":\"Brtva za flex sifon - Brtva Plast - Najkvalitetnija WC Sjedala - 2026\",\"isPartOf\":{\"@id\":\"https:\\\/\\\/brtva-plast.hr\\\/en\\\/#website\"},\"primaryImageOfPage\":{\"@id\":\"https:\\\/\\\/brtva-plast.hr\\\/proizvod\\\/brtva-za-flex-sifon\\\/#primaryimage\"},\"image\":{\"@id\":\"https:\\\/\\\/brtva-plast.hr\\\/proizvod\\\/brtva-za-flex-sifon\\\/#primaryimage\"},\"thumbnailUrl\":\"https:\\\/\\\/i0.wp.com\\\/brtva-plast.hr\\\/wp-content\\\/uploads\\\/2021\\\/07\\\/27.jpg?fit=365%2C368&ssl=1\",\"datePublished\":\"2021-07-29T08:38:41+00:00\",\"dateModified\":\"2021-07-30T08:41:08+00:00\",\"description\":\"Brtva za flex sifon - Brtva Plast - 2026 - Najkvalitetnija WC Sjedala - 3267 - Dobro do\u0161li u svijet najboljih WC Sjedala na tr\u017ei\u0161tu...\",\"breadcrumb\":{\"@id\":\"https:\\\/\\\/brtva-plast.hr\\\/proizvod\\\/brtva-za-flex-sifon\\\/#breadcrumb\"},\"inLanguage\":\"en-GB\",\"potentialAction\":[{\"@type\":\"ReadAction\",\"target\":[\"https:\\\/\\\/brtva-plast.hr\\\/proizvod\\\/brtva-za-flex-sifon\\\/\"]}]},{\"@type\":\"ImageObject\",\"inLanguage\":\"en-GB\",\"@id\":\"https:\\\/\\\/brtva-plast.hr\\\/proizvod\\\/brtva-za-flex-sifon\\\/#primaryimage\",\"url\":\"https:\\\/\\\/i0.wp.com\\\/brtva-plast.hr\\\/wp-content\\\/uploads\\\/2021\\\/07\\\/27.jpg?fit=365%2C368&ssl=1\",\"contentUrl\":\"https:\\\/\\\/i0.wp.com\\\/brtva-plast.hr\\\/wp-content\\\/uploads\\\/2021\\\/07\\\/27.jpg?fit=365%2C368&ssl=1\",\"width\":365,\"height\":368,\"caption\":\"27\"},{\"@type\":\"BreadcrumbList\",\"@id\":\"https:\\\/\\\/brtva-plast.hr\\\/proizvod\\\/brtva-za-flex-sifon\\\/#breadcrumb\",\"itemListElement\":[{\"@type\":\"ListItem\",\"position\":1,\"name\":\"Home\",\"item\":\"https:\\\/\\\/brtva-plast.hr\\\/\"},{\"@type\":\"ListItem\",\"position\":2,\"name\":\"Proizvodi\",\"item\":\"https:\\\/\\\/brtva-plast.hr\\\/proizvodi\\\/\"},{\"@type\":\"ListItem\",\"position\":3,\"name\":\"Brtva za flex sifon\"}]},{\"@type\":\"WebSite\",\"@id\":\"https:\\\/\\\/brtva-plast.hr\\\/en\\\/#website\",\"url\":\"https:\\\/\\\/brtva-plast.hr\\\/en\\\/\",\"name\":\"Brtva Plast\",\"description\":\"Najkvalitetnija WC Sjedala\",\"publisher\":{\"@id\":\"https:\\\/\\\/brtva-plast.hr\\\/en\\\/#organization\"},\"potentialAction\":[{\"@type\":\"SearchAction\",\"target\":{\"@type\":\"EntryPoint\",\"urlTemplate\":\"https:\\\/\\\/brtva-plast.hr\\\/en\\\/?s={search_term_string}\"},\"query-input\":{\"@type\":\"PropertyValueSpecification\",\"valueRequired\":true,\"valueName\":\"search_term_string\"}}],\"inLanguage\":\"en-GB\"},{\"@type\":\"Organization\",\"@id\":\"https:\\\/\\\/brtva-plast.hr\\\/en\\\/#organization\",\"name\":\"Brtva Plast\",\"url\":\"https:\\\/\\\/brtva-plast.hr\\\/en\\\/\",\"logo\":{\"@type\":\"ImageObject\",\"inLanguage\":\"en-GB\",\"@id\":\"https:\\\/\\\/brtva-plast.hr\\\/en\\\/#\\\/schema\\\/logo\\\/image\\\/\",\"url\":\"https:\\\/\\\/brtva-plast.hr\\\/wp-content\\\/uploads\\\/2021\\\/05\\\/output-onlinepngtools-1.png\",\"contentUrl\":\"https:\\\/\\\/brtva-plast.hr\\\/wp-content\\\/uploads\\\/2021\\\/05\\\/output-onlinepngtools-1.png\",\"width\":1772,\"height\":591,\"caption\":\"Brtva Plast\"},\"image\":{\"@id\":\"https:\\\/\\\/brtva-plast.hr\\\/en\\\/#\\\/schema\\\/logo\\\/image\\\/\"},\"sameAs\":[\"https:\\\/\\\/www.facebook.com\\\/Brtva-plast-237635193107523\\\/\"]}]}<\/script>\n<!-- \/ Yoast SEO plugin. -->","yoast_head_json":{"title":"Brtva za flex sifon - Brtva Plast - Najkvalitetnija WC Sjedala - 2026","description":"Brtva za flex sifon - Brtva Plast - 2026 - Najkvalitetnija WC Sjedala - 3267 - Dobro do\u0161li u svijet najboljih WC Sjedala na tr\u017ei\u0161tu...","robots":{"index":"index","follow":"follow","max-snippet":"max-snippet:-1","max-image-preview":"max-image-preview:large","max-video-preview":"max-video-preview:-1"},"canonical":"https:\/\/brtva-plast.hr\/en\/product\/brtva-za-flex-sifon\/","og_locale":"en_GB","og_type":"article","og_title":"Brtva za flex sifon - Brtva Plast - Najkvalitetnija WC Sjedala - 2026","og_description":"Brtva za flex sifon - Brtva Plast - 2026 - Najkvalitetnija WC Sjedala - 3267 - Dobro do\u0161li u svijet najboljih WC Sjedala na tr\u017ei\u0161tu...","og_url":"https:\/\/brtva-plast.hr\/en\/product\/brtva-za-flex-sifon\/","og_site_name":"Brtva Plast","article_publisher":"https:\/\/www.facebook.com\/Brtva-plast-237635193107523\/","article_modified_time":"2021-07-30T08:41:08+00:00","og_image":[{"width":365,"height":368,"url":"https:\/\/i0.wp.com\/brtva-plast.hr\/wp-content\/uploads\/2021\/07\/27.jpg?fit=365%2C368&ssl=1","type":"image\/jpeg"}],"twitter_card":"summary_large_image","schema":{"@context":"https:\/\/schema.org","@graph":[{"@type":"WebPage","@id":"https:\/\/brtva-plast.hr\/proizvod\/brtva-za-flex-sifon\/","url":"https:\/\/brtva-plast.hr\/proizvod\/brtva-za-flex-sifon\/","name":"Brtva za flex sifon - Brtva Plast - Najkvalitetnija WC Sjedala - 2026","isPartOf":{"@id":"https:\/\/brtva-plast.hr\/en\/#website"},"primaryImageOfPage":{"@id":"https:\/\/brtva-plast.hr\/proizvod\/brtva-za-flex-sifon\/#primaryimage"},"image":{"@id":"https:\/\/brtva-plast.hr\/proizvod\/brtva-za-flex-sifon\/#primaryimage"},"thumbnailUrl":"https:\/\/i0.wp.com\/brtva-plast.hr\/wp-content\/uploads\/2021\/07\/27.jpg?fit=365%2C368&ssl=1","datePublished":"2021-07-29T08:38:41+00:00","dateModified":"2021-07-30T08:41:08+00:00","description":"Brtva za flex sifon - Brtva Plast - 2026 - Najkvalitetnija WC Sjedala - 3267 - Dobro do\u0161li u svijet najboljih WC Sjedala na tr\u017ei\u0161tu...","breadcrumb":{"@id":"https:\/\/brtva-plast.hr\/proizvod\/brtva-za-flex-sifon\/#breadcrumb"},"inLanguage":"en-GB","potentialAction":[{"@type":"ReadAction","target":["https:\/\/brtva-plast.hr\/proizvod\/brtva-za-flex-sifon\/"]}]},{"@type":"ImageObject","inLanguage":"en-GB","@id":"https:\/\/brtva-plast.hr\/proizvod\/brtva-za-flex-sifon\/#primaryimage","url":"https:\/\/i0.wp.com\/brtva-plast.hr\/wp-content\/uploads\/2021\/07\/27.jpg?fit=365%2C368&ssl=1","contentUrl":"https:\/\/i0.wp.com\/brtva-plast.hr\/wp-content\/uploads\/2021\/07\/27.jpg?fit=365%2C368&ssl=1","width":365,"height":368,"caption":"27"},{"@type":"BreadcrumbList","@id":"https:\/\/brtva-plast.hr\/proizvod\/brtva-za-flex-sifon\/#breadcrumb","itemListElement":[{"@type":"ListItem","position":1,"name":"Home","item":"https:\/\/brtva-plast.hr\/"},{"@type":"ListItem","position":2,"name":"Proizvodi","item":"https:\/\/brtva-plast.hr\/proizvodi\/"},{"@type":"ListItem","position":3,"name":"Brtva za flex sifon"}]},{"@type":"WebSite","@id":"https:\/\/brtva-plast.hr\/en\/#website","url":"https:\/\/brtva-plast.hr\/en\/","name":"Brtva Plast","description":"Najkvalitetnija WC Sjedala","publisher":{"@id":"https:\/\/brtva-plast.hr\/en\/#organization"},"potentialAction":[{"@type":"SearchAction","target":{"@type":"EntryPoint","urlTemplate":"https:\/\/brtva-plast.hr\/en\/?s={search_term_string}"},"query-input":{"@type":"PropertyValueSpecification","valueRequired":true,"valueName":"search_term_string"}}],"inLanguage":"en-GB"},{"@type":"Organization","@id":"https:\/\/brtva-plast.hr\/en\/#organization","name":"Brtva Plast","url":"https:\/\/brtva-plast.hr\/en\/","logo":{"@type":"ImageObject","inLanguage":"en-GB","@id":"https:\/\/brtva-plast.hr\/en\/#\/schema\/logo\/image\/","url":"https:\/\/brtva-plast.hr\/wp-content\/uploads\/2021\/05\/output-onlinepngtools-1.png","contentUrl":"https:\/\/brtva-plast.hr\/wp-content\/uploads\/2021\/05\/output-onlinepngtools-1.png","width":1772,"height":591,"caption":"Brtva Plast"},"image":{"@id":"https:\/\/brtva-plast.hr\/en\/#\/schema\/logo\/image\/"},"sameAs":["https:\/\/www.facebook.com\/Brtva-plast-237635193107523\/"]}]}},"jetpack_sharing_enabled":true,"_links":{"self":[{"href":"https:\/\/brtva-plast.hr\/en\/wp-json\/wp\/v2\/product\/3267","targetHints":{"allow":["GET"]}}],"collection":[{"href":"https:\/\/brtva-plast.hr\/en\/wp-json\/wp\/v2\/product"}],"about":[{"href":"https:\/\/brtva-plast.hr\/en\/wp-json\/wp\/v2\/types\/product"}],"version-history":[{"count":1,"href":"https:\/\/brtva-plast.hr\/en\/wp-json\/wp\/v2\/product\/3267\/revisions"}],"predecessor-version":[{"id":3274,"href":"https:\/\/brtva-plast.hr\/en\/wp-json\/wp\/v2\/product\/3267\/revisions\/3274"}],"wp:featuredmedia":[{"embeddable":true,"href":"https:\/\/brtva-plast.hr\/en\/wp-json\/wp\/v2\/media\/3272"}],"wp:attachment":[{"href":"https:\/\/brtva-plast.hr\/en\/wp-json\/wp\/v2\/media?parent=3267"}],"wp:term":[{"taxonomy":"product_brand","embeddable":true,"href":"https:\/\/brtva-plast.hr\/en\/wp-json\/wp\/v2\/product_brand?post=3267"},{"taxonomy":"product_cat","embeddable":true,"href":"https:\/\/brtva-plast.hr\/en\/wp-json\/wp\/v2\/product_cat?post=3267"},{"taxonomy":"product_tag","embeddable":true,"href":"https:\/\/brtva-plast.hr\/en\/wp-json\/wp\/v2\/product_tag?post=3267"}],"curies":[{"name":"wp","href":"https:\/\/api.w.org\/{rel}","templated":true}]}}