{"id":3083,"date":"2021-07-13T10:05:31","date_gmt":"2021-07-13T10:05:31","guid":{"rendered":"https:\/\/brtva-plast.hr\/?post_type=product&#038;p=3083"},"modified":"2021-07-13T10:32:31","modified_gmt":"2021-07-13T10:32:31","slug":"ringovi-za-tus-zavjese","status":"publish","type":"product","link":"https:\/\/brtva-plast.hr\/en\/product\/ringovi-za-tus-zavjese\/","title":{"rendered":"Shower curtain rings"},"content":{"rendered":"","protected":false},"excerpt":{"rendered":"","protected":false},"featured_media":3096,"template":"","meta":{"_monsterinsights_skip_tracking":false,"_monsterinsights_sitenote_active":false,"_monsterinsights_sitenote_note":"","_monsterinsights_sitenote_category":0},"product_brand":[],"product_cat":[139,140],"product_tag":[135,151,142,57],"class_list":{"0":"post-3083","1":"product","2":"type-product","3":"status-publish","4":"has-post-thumbnail","6":"product_cat-kupaonska-galanterija","7":"product_cat-polo-galanterija","8":"product_tag-bijela","9":"product_tag-cetka","10":"product_tag-universal","11":"product_tag-wc","13":"first","14":"instock","15":"sold-individually","16":"shipping-taxable","17":"product-type-simple"},"yoast_head":"<!-- This site is optimized with the Yoast SEO plugin v27.3 - https:\/\/yoast.com\/product\/yoast-seo-wordpress\/ -->\n<title>\u010cepovi za WC Sjedalo Ringovi Za Tu\u0161 Zavjese - Brtva Plast -<\/title>\n<meta name=\"description\" content=\"Ringovi Za Tu\u0161 Zavjese - Brtva Plast - 2026 - Najkvalitetnija WC Sjedala - 3083 - Dobro do\u0161li u svijet najboljih WC Sjedala na...\" \/>\n<meta name=\"robots\" content=\"index, follow, max-snippet:-1, max-image-preview:large, max-video-preview:-1\" \/>\n<link rel=\"canonical\" href=\"https:\/\/brtva-plast.hr\/en\/product\/ringovi-za-tus-zavjese\/\" \/>\n<meta property=\"og:locale\" content=\"en_GB\" \/>\n<meta property=\"og:type\" content=\"article\" \/>\n<meta property=\"og:title\" content=\"\u010cepovi za WC Sjedalo Ringovi Za Tu\u0161 Zavjese - Brtva Plast -\" \/>\n<meta property=\"og:description\" content=\"Ringovi Za Tu\u0161 Zavjese - Brtva Plast - 2026 - Najkvalitetnija WC Sjedala - 3083 - Dobro do\u0161li u svijet najboljih WC Sjedala na...\" \/>\n<meta property=\"og:url\" content=\"https:\/\/brtva-plast.hr\/en\/product\/ringovi-za-tus-zavjese\/\" \/>\n<meta property=\"og:site_name\" content=\"Brtva Plast\" \/>\n<meta property=\"article:publisher\" content=\"https:\/\/www.facebook.com\/Brtva-plast-237635193107523\/\" \/>\n<meta property=\"article:modified_time\" content=\"2021-07-13T10:32:31+00:00\" \/>\n<meta property=\"og:image\" content=\"https:\/\/i0.wp.com\/brtva-plast.hr\/wp-content\/uploads\/2021\/07\/ringovi.png?fit=600%2C600&ssl=1\" \/>\n\t<meta property=\"og:image:width\" content=\"600\" \/>\n\t<meta property=\"og:image:height\" content=\"600\" \/>\n\t<meta property=\"og:image:type\" content=\"image\/png\" \/>\n<meta name=\"twitter:card\" content=\"summary_large_image\" \/>\n<script type=\"application\/ld+json\" class=\"yoast-schema-graph\">{\"@context\":\"https:\\\/\\\/schema.org\",\"@graph\":[{\"@type\":\"WebPage\",\"@id\":\"https:\\\/\\\/brtva-plast.hr\\\/proizvod\\\/ringovi-za-tus-zavjese\\\/\",\"url\":\"https:\\\/\\\/brtva-plast.hr\\\/proizvod\\\/ringovi-za-tus-zavjese\\\/\",\"name\":\"\u010cepovi za WC Sjedalo Ringovi Za Tu\u0161 Zavjese - Brtva Plast -\",\"isPartOf\":{\"@id\":\"https:\\\/\\\/brtva-plast.hr\\\/en\\\/#website\"},\"primaryImageOfPage\":{\"@id\":\"https:\\\/\\\/brtva-plast.hr\\\/proizvod\\\/ringovi-za-tus-zavjese\\\/#primaryimage\"},\"image\":{\"@id\":\"https:\\\/\\\/brtva-plast.hr\\\/proizvod\\\/ringovi-za-tus-zavjese\\\/#primaryimage\"},\"thumbnailUrl\":\"https:\\\/\\\/i0.wp.com\\\/brtva-plast.hr\\\/wp-content\\\/uploads\\\/2021\\\/07\\\/ringovi.png?fit=600%2C600&ssl=1\",\"datePublished\":\"2021-07-13T10:05:31+00:00\",\"dateModified\":\"2021-07-13T10:32:31+00:00\",\"description\":\"Ringovi Za Tu\u0161 Zavjese - Brtva Plast - 2026 - Najkvalitetnija WC Sjedala - 3083 - Dobro do\u0161li u svijet najboljih WC Sjedala na...\",\"breadcrumb\":{\"@id\":\"https:\\\/\\\/brtva-plast.hr\\\/proizvod\\\/ringovi-za-tus-zavjese\\\/#breadcrumb\"},\"inLanguage\":\"en-GB\",\"potentialAction\":[{\"@type\":\"ReadAction\",\"target\":[\"https:\\\/\\\/brtva-plast.hr\\\/proizvod\\\/ringovi-za-tus-zavjese\\\/\"]}]},{\"@type\":\"ImageObject\",\"inLanguage\":\"en-GB\",\"@id\":\"https:\\\/\\\/brtva-plast.hr\\\/proizvod\\\/ringovi-za-tus-zavjese\\\/#primaryimage\",\"url\":\"https:\\\/\\\/i0.wp.com\\\/brtva-plast.hr\\\/wp-content\\\/uploads\\\/2021\\\/07\\\/ringovi.png?fit=600%2C600&ssl=1\",\"contentUrl\":\"https:\\\/\\\/i0.wp.com\\\/brtva-plast.hr\\\/wp-content\\\/uploads\\\/2021\\\/07\\\/ringovi.png?fit=600%2C600&ssl=1\",\"width\":600,\"height\":600,\"caption\":\"ringovi\"},{\"@type\":\"BreadcrumbList\",\"@id\":\"https:\\\/\\\/brtva-plast.hr\\\/proizvod\\\/ringovi-za-tus-zavjese\\\/#breadcrumb\",\"itemListElement\":[{\"@type\":\"ListItem\",\"position\":1,\"name\":\"Home\",\"item\":\"https:\\\/\\\/brtva-plast.hr\\\/\"},{\"@type\":\"ListItem\",\"position\":2,\"name\":\"Proizvodi\",\"item\":\"https:\\\/\\\/brtva-plast.hr\\\/proizvodi\\\/\"},{\"@type\":\"ListItem\",\"position\":3,\"name\":\"Ringovi Za Tu\u0161 Zavjese\"}]},{\"@type\":\"WebSite\",\"@id\":\"https:\\\/\\\/brtva-plast.hr\\\/en\\\/#website\",\"url\":\"https:\\\/\\\/brtva-plast.hr\\\/en\\\/\",\"name\":\"Brtva Plast\",\"description\":\"Najkvalitetnija WC Sjedala\",\"publisher\":{\"@id\":\"https:\\\/\\\/brtva-plast.hr\\\/en\\\/#organization\"},\"potentialAction\":[{\"@type\":\"SearchAction\",\"target\":{\"@type\":\"EntryPoint\",\"urlTemplate\":\"https:\\\/\\\/brtva-plast.hr\\\/en\\\/?s={search_term_string}\"},\"query-input\":{\"@type\":\"PropertyValueSpecification\",\"valueRequired\":true,\"valueName\":\"search_term_string\"}}],\"inLanguage\":\"en-GB\"},{\"@type\":\"Organization\",\"@id\":\"https:\\\/\\\/brtva-plast.hr\\\/en\\\/#organization\",\"name\":\"Brtva Plast\",\"url\":\"https:\\\/\\\/brtva-plast.hr\\\/en\\\/\",\"logo\":{\"@type\":\"ImageObject\",\"inLanguage\":\"en-GB\",\"@id\":\"https:\\\/\\\/brtva-plast.hr\\\/en\\\/#\\\/schema\\\/logo\\\/image\\\/\",\"url\":\"https:\\\/\\\/brtva-plast.hr\\\/wp-content\\\/uploads\\\/2021\\\/05\\\/output-onlinepngtools-1.png\",\"contentUrl\":\"https:\\\/\\\/brtva-plast.hr\\\/wp-content\\\/uploads\\\/2021\\\/05\\\/output-onlinepngtools-1.png\",\"width\":1772,\"height\":591,\"caption\":\"Brtva Plast\"},\"image\":{\"@id\":\"https:\\\/\\\/brtva-plast.hr\\\/en\\\/#\\\/schema\\\/logo\\\/image\\\/\"},\"sameAs\":[\"https:\\\/\\\/www.facebook.com\\\/Brtva-plast-237635193107523\\\/\"]}]}<\/script>\n<!-- \/ Yoast SEO plugin. -->","yoast_head_json":{"title":"\u010cepovi za WC Sjedalo Ringovi Za Tu\u0161 Zavjese - Brtva Plast -","description":"Ringovi Za Tu\u0161 Zavjese - Brtva Plast - 2026 - Najkvalitetnija WC Sjedala - 3083 - Dobro do\u0161li u svijet najboljih WC Sjedala na...","robots":{"index":"index","follow":"follow","max-snippet":"max-snippet:-1","max-image-preview":"max-image-preview:large","max-video-preview":"max-video-preview:-1"},"canonical":"https:\/\/brtva-plast.hr\/en\/product\/ringovi-za-tus-zavjese\/","og_locale":"en_GB","og_type":"article","og_title":"\u010cepovi za WC Sjedalo Ringovi Za Tu\u0161 Zavjese - Brtva Plast -","og_description":"Ringovi Za Tu\u0161 Zavjese - Brtva Plast - 2026 - Najkvalitetnija WC Sjedala - 3083 - Dobro do\u0161li u svijet najboljih WC Sjedala na...","og_url":"https:\/\/brtva-plast.hr\/en\/product\/ringovi-za-tus-zavjese\/","og_site_name":"Brtva Plast","article_publisher":"https:\/\/www.facebook.com\/Brtva-plast-237635193107523\/","article_modified_time":"2021-07-13T10:32:31+00:00","og_image":[{"width":600,"height":600,"url":"https:\/\/i0.wp.com\/brtva-plast.hr\/wp-content\/uploads\/2021\/07\/ringovi.png?fit=600%2C600&ssl=1","type":"image\/png"}],"twitter_card":"summary_large_image","schema":{"@context":"https:\/\/schema.org","@graph":[{"@type":"WebPage","@id":"https:\/\/brtva-plast.hr\/proizvod\/ringovi-za-tus-zavjese\/","url":"https:\/\/brtva-plast.hr\/proizvod\/ringovi-za-tus-zavjese\/","name":"\u010cepovi za WC Sjedalo Ringovi Za Tu\u0161 Zavjese - Brtva Plast -","isPartOf":{"@id":"https:\/\/brtva-plast.hr\/en\/#website"},"primaryImageOfPage":{"@id":"https:\/\/brtva-plast.hr\/proizvod\/ringovi-za-tus-zavjese\/#primaryimage"},"image":{"@id":"https:\/\/brtva-plast.hr\/proizvod\/ringovi-za-tus-zavjese\/#primaryimage"},"thumbnailUrl":"https:\/\/i0.wp.com\/brtva-plast.hr\/wp-content\/uploads\/2021\/07\/ringovi.png?fit=600%2C600&ssl=1","datePublished":"2021-07-13T10:05:31+00:00","dateModified":"2021-07-13T10:32:31+00:00","description":"Ringovi Za Tu\u0161 Zavjese - Brtva Plast - 2026 - Najkvalitetnija WC Sjedala - 3083 - Dobro do\u0161li u svijet najboljih WC Sjedala na...","breadcrumb":{"@id":"https:\/\/brtva-plast.hr\/proizvod\/ringovi-za-tus-zavjese\/#breadcrumb"},"inLanguage":"en-GB","potentialAction":[{"@type":"ReadAction","target":["https:\/\/brtva-plast.hr\/proizvod\/ringovi-za-tus-zavjese\/"]}]},{"@type":"ImageObject","inLanguage":"en-GB","@id":"https:\/\/brtva-plast.hr\/proizvod\/ringovi-za-tus-zavjese\/#primaryimage","url":"https:\/\/i0.wp.com\/brtva-plast.hr\/wp-content\/uploads\/2021\/07\/ringovi.png?fit=600%2C600&ssl=1","contentUrl":"https:\/\/i0.wp.com\/brtva-plast.hr\/wp-content\/uploads\/2021\/07\/ringovi.png?fit=600%2C600&ssl=1","width":600,"height":600,"caption":"ringovi"},{"@type":"BreadcrumbList","@id":"https:\/\/brtva-plast.hr\/proizvod\/ringovi-za-tus-zavjese\/#breadcrumb","itemListElement":[{"@type":"ListItem","position":1,"name":"Home","item":"https:\/\/brtva-plast.hr\/"},{"@type":"ListItem","position":2,"name":"Proizvodi","item":"https:\/\/brtva-plast.hr\/proizvodi\/"},{"@type":"ListItem","position":3,"name":"Ringovi Za Tu\u0161 Zavjese"}]},{"@type":"WebSite","@id":"https:\/\/brtva-plast.hr\/en\/#website","url":"https:\/\/brtva-plast.hr\/en\/","name":"Brtva Plast","description":"Najkvalitetnija WC Sjedala","publisher":{"@id":"https:\/\/brtva-plast.hr\/en\/#organization"},"potentialAction":[{"@type":"SearchAction","target":{"@type":"EntryPoint","urlTemplate":"https:\/\/brtva-plast.hr\/en\/?s={search_term_string}"},"query-input":{"@type":"PropertyValueSpecification","valueRequired":true,"valueName":"search_term_string"}}],"inLanguage":"en-GB"},{"@type":"Organization","@id":"https:\/\/brtva-plast.hr\/en\/#organization","name":"Brtva Plast","url":"https:\/\/brtva-plast.hr\/en\/","logo":{"@type":"ImageObject","inLanguage":"en-GB","@id":"https:\/\/brtva-plast.hr\/en\/#\/schema\/logo\/image\/","url":"https:\/\/brtva-plast.hr\/wp-content\/uploads\/2021\/05\/output-onlinepngtools-1.png","contentUrl":"https:\/\/brtva-plast.hr\/wp-content\/uploads\/2021\/05\/output-onlinepngtools-1.png","width":1772,"height":591,"caption":"Brtva Plast"},"image":{"@id":"https:\/\/brtva-plast.hr\/en\/#\/schema\/logo\/image\/"},"sameAs":["https:\/\/www.facebook.com\/Brtva-plast-237635193107523\/"]}]}},"jetpack_sharing_enabled":true,"_links":{"self":[{"href":"https:\/\/brtva-plast.hr\/en\/wp-json\/wp\/v2\/product\/3083","targetHints":{"allow":["GET"]}}],"collection":[{"href":"https:\/\/brtva-plast.hr\/en\/wp-json\/wp\/v2\/product"}],"about":[{"href":"https:\/\/brtva-plast.hr\/en\/wp-json\/wp\/v2\/types\/product"}],"version-history":[{"count":1,"href":"https:\/\/brtva-plast.hr\/en\/wp-json\/wp\/v2\/product\/3083\/revisions"}],"predecessor-version":[{"id":3086,"href":"https:\/\/brtva-plast.hr\/en\/wp-json\/wp\/v2\/product\/3083\/revisions\/3086"}],"wp:featuredmedia":[{"embeddable":true,"href":"https:\/\/brtva-plast.hr\/en\/wp-json\/wp\/v2\/media\/3096"}],"wp:attachment":[{"href":"https:\/\/brtva-plast.hr\/en\/wp-json\/wp\/v2\/media?parent=3083"}],"wp:term":[{"taxonomy":"product_brand","embeddable":true,"href":"https:\/\/brtva-plast.hr\/en\/wp-json\/wp\/v2\/product_brand?post=3083"},{"taxonomy":"product_cat","embeddable":true,"href":"https:\/\/brtva-plast.hr\/en\/wp-json\/wp\/v2\/product_cat?post=3083"},{"taxonomy":"product_tag","embeddable":true,"href":"https:\/\/brtva-plast.hr\/en\/wp-json\/wp\/v2\/product_tag?post=3083"}],"curies":[{"name":"wp","href":"https:\/\/api.w.org\/{rel}","templated":true}]}}