{"id":2478,"date":"2021-06-23T08:03:00","date_gmt":"2021-06-23T08:03:00","guid":{"rendered":"https:\/\/brtva-plast.hr\/?post_type=product&#038;p=2478"},"modified":"2021-10-21T06:46:50","modified_gmt":"2021-10-21T06:46:50","slug":"lido","status":"publish","type":"product","link":"https:\/\/brtva-plast.hr\/en\/product\/lido\/","title":{"rendered":"LIDO"},"content":{"rendered":"","protected":false},"excerpt":{"rendered":"","protected":false},"featured_media":2929,"template":"elementor_theme","meta":{"_monsterinsights_skip_tracking":false,"_monsterinsights_sitenote_active":false,"_monsterinsights_sitenote_note":"","_monsterinsights_sitenote_category":0},"product_brand":[],"product_cat":[38,37],"product_tag":[89,311,91,81,90,59,131,82,92,58,57,310,309,62],"class_list":{"0":"post-2478","1":"product","2":"type-product","3":"status-publish","4":"has-post-thumbnail","6":"product_cat-wc-sjedala-i-seat","7":"product_cat-wc-sjedala","8":"product_tag-brtva","9":"product_tag-daska","10":"product_tag-duroplast","11":"product_tag-inox","12":"product_tag-plast","13":"product_tag-seat","14":"product_tag-sjedalo","15":"product_tag-softclose","16":"product_tag-stainless-steel","17":"product_tag-toilet","18":"product_tag-wc","19":"product_tag-wc-daska","20":"product_tag-wc-sjedalo","21":"product_tag-white","23":"first","24":"instock","25":"sold-individually","26":"shipping-taxable","27":"purchasable","28":"product-type-variable","29":"has-default-attributes"},"yoast_head":"<!-- This site is optimized with the Yoast SEO plugin v27.3 - https:\/\/yoast.com\/product\/yoast-seo-wordpress\/ -->\n<title>LIDO - Brtva Plast - June 23, 2021 - Najkvalitetnija WC Sjedala<\/title>\n<meta name=\"description\" content=\"LIDO - Brtva Plast - 2026 - Najkvalitetnija WC Sjedala - 2478 - Dobro do\u0161li u svijet najboljih WC Sjedala na tr\u017ei\u0161tu...\" \/>\n<meta name=\"robots\" content=\"index, follow, max-snippet:-1, max-image-preview:large, max-video-preview:-1\" \/>\n<link rel=\"canonical\" href=\"https:\/\/brtva-plast.hr\/en\/product\/lido\/\" \/>\n<meta property=\"og:locale\" content=\"en_GB\" \/>\n<meta property=\"og:type\" content=\"article\" \/>\n<meta property=\"og:title\" content=\"LIDO - Brtva Plast - June 23, 2021 - Najkvalitetnija WC Sjedala\" \/>\n<meta property=\"og:description\" content=\"LIDO - Brtva Plast - 2026 - Najkvalitetnija WC Sjedala - 2478 - Dobro do\u0161li u svijet najboljih WC Sjedala na tr\u017ei\u0161tu...\" \/>\n<meta property=\"og:url\" content=\"https:\/\/brtva-plast.hr\/en\/product\/lido\/\" \/>\n<meta property=\"og:site_name\" content=\"Brtva Plast\" \/>\n<meta property=\"article:publisher\" content=\"https:\/\/www.facebook.com\/Brtva-plast-237635193107523\/\" \/>\n<meta property=\"article:modified_time\" content=\"2021-10-21T06:46:50+00:00\" \/>\n<meta property=\"og:image\" content=\"https:\/\/i0.wp.com\/brtva-plast.hr\/wp-content\/uploads\/2021\/06\/LIDO-UNI.png?fit=600%2C600&ssl=1\" \/>\n\t<meta property=\"og:image:width\" content=\"600\" \/>\n\t<meta property=\"og:image:height\" content=\"600\" \/>\n\t<meta property=\"og:image:type\" content=\"image\/png\" \/>\n<meta name=\"twitter:card\" content=\"summary_large_image\" \/>\n<script type=\"application\/ld+json\" class=\"yoast-schema-graph\">{\"@context\":\"https:\\\/\\\/schema.org\",\"@graph\":[{\"@type\":\"WebPage\",\"@id\":\"https:\\\/\\\/brtva-plast.hr\\\/proizvod\\\/lido\\\/\",\"url\":\"https:\\\/\\\/brtva-plast.hr\\\/proizvod\\\/lido\\\/\",\"name\":\"LIDO - Brtva Plast - June 23, 2021 - Najkvalitetnija WC Sjedala\",\"isPartOf\":{\"@id\":\"https:\\\/\\\/brtva-plast.hr\\\/en\\\/#website\"},\"primaryImageOfPage\":{\"@id\":\"https:\\\/\\\/brtva-plast.hr\\\/proizvod\\\/lido\\\/#primaryimage\"},\"image\":{\"@id\":\"https:\\\/\\\/brtva-plast.hr\\\/proizvod\\\/lido\\\/#primaryimage\"},\"thumbnailUrl\":\"https:\\\/\\\/i0.wp.com\\\/brtva-plast.hr\\\/wp-content\\\/uploads\\\/2021\\\/06\\\/LIDO-UNI.png?fit=600%2C600&ssl=1\",\"datePublished\":\"2021-06-23T08:03:00+00:00\",\"dateModified\":\"2021-10-21T06:46:50+00:00\",\"description\":\"LIDO - Brtva Plast - 2026 - Najkvalitetnija WC Sjedala - 2478 - Dobro do\u0161li u svijet najboljih WC Sjedala na tr\u017ei\u0161tu...\",\"breadcrumb\":{\"@id\":\"https:\\\/\\\/brtva-plast.hr\\\/proizvod\\\/lido\\\/#breadcrumb\"},\"inLanguage\":\"en-GB\",\"potentialAction\":[{\"@type\":\"ReadAction\",\"target\":[\"https:\\\/\\\/brtva-plast.hr\\\/proizvod\\\/lido\\\/\"]}]},{\"@type\":\"ImageObject\",\"inLanguage\":\"en-GB\",\"@id\":\"https:\\\/\\\/brtva-plast.hr\\\/proizvod\\\/lido\\\/#primaryimage\",\"url\":\"https:\\\/\\\/i0.wp.com\\\/brtva-plast.hr\\\/wp-content\\\/uploads\\\/2021\\\/06\\\/LIDO-UNI.png?fit=600%2C600&ssl=1\",\"contentUrl\":\"https:\\\/\\\/i0.wp.com\\\/brtva-plast.hr\\\/wp-content\\\/uploads\\\/2021\\\/06\\\/LIDO-UNI.png?fit=600%2C600&ssl=1\",\"width\":600,\"height\":600,\"caption\":\"LIDO UNI\"},{\"@type\":\"BreadcrumbList\",\"@id\":\"https:\\\/\\\/brtva-plast.hr\\\/proizvod\\\/lido\\\/#breadcrumb\",\"itemListElement\":[{\"@type\":\"ListItem\",\"position\":1,\"name\":\"Home\",\"item\":\"https:\\\/\\\/brtva-plast.hr\\\/\"},{\"@type\":\"ListItem\",\"position\":2,\"name\":\"Proizvodi\",\"item\":\"https:\\\/\\\/brtva-plast.hr\\\/proizvodi\\\/\"},{\"@type\":\"ListItem\",\"position\":3,\"name\":\"LIDO\"}]},{\"@type\":\"WebSite\",\"@id\":\"https:\\\/\\\/brtva-plast.hr\\\/en\\\/#website\",\"url\":\"https:\\\/\\\/brtva-plast.hr\\\/en\\\/\",\"name\":\"Brtva Plast\",\"description\":\"Najkvalitetnija WC Sjedala\",\"publisher\":{\"@id\":\"https:\\\/\\\/brtva-plast.hr\\\/en\\\/#organization\"},\"potentialAction\":[{\"@type\":\"SearchAction\",\"target\":{\"@type\":\"EntryPoint\",\"urlTemplate\":\"https:\\\/\\\/brtva-plast.hr\\\/en\\\/?s={search_term_string}\"},\"query-input\":{\"@type\":\"PropertyValueSpecification\",\"valueRequired\":true,\"valueName\":\"search_term_string\"}}],\"inLanguage\":\"en-GB\"},{\"@type\":\"Organization\",\"@id\":\"https:\\\/\\\/brtva-plast.hr\\\/en\\\/#organization\",\"name\":\"Brtva Plast\",\"url\":\"https:\\\/\\\/brtva-plast.hr\\\/en\\\/\",\"logo\":{\"@type\":\"ImageObject\",\"inLanguage\":\"en-GB\",\"@id\":\"https:\\\/\\\/brtva-plast.hr\\\/en\\\/#\\\/schema\\\/logo\\\/image\\\/\",\"url\":\"https:\\\/\\\/brtva-plast.hr\\\/wp-content\\\/uploads\\\/2021\\\/05\\\/output-onlinepngtools-1.png\",\"contentUrl\":\"https:\\\/\\\/brtva-plast.hr\\\/wp-content\\\/uploads\\\/2021\\\/05\\\/output-onlinepngtools-1.png\",\"width\":1772,\"height\":591,\"caption\":\"Brtva Plast\"},\"image\":{\"@id\":\"https:\\\/\\\/brtva-plast.hr\\\/en\\\/#\\\/schema\\\/logo\\\/image\\\/\"},\"sameAs\":[\"https:\\\/\\\/www.facebook.com\\\/Brtva-plast-237635193107523\\\/\"]}]}<\/script>\n<!-- \/ Yoast SEO plugin. -->","yoast_head_json":{"title":"LIDO - Brtva Plast - June 23, 2021 - Najkvalitetnija WC Sjedala","description":"LIDO - Brtva Plast - 2026 - Najkvalitetnija WC Sjedala - 2478 - Dobro do\u0161li u svijet najboljih WC Sjedala na tr\u017ei\u0161tu...","robots":{"index":"index","follow":"follow","max-snippet":"max-snippet:-1","max-image-preview":"max-image-preview:large","max-video-preview":"max-video-preview:-1"},"canonical":"https:\/\/brtva-plast.hr\/en\/product\/lido\/","og_locale":"en_GB","og_type":"article","og_title":"LIDO - Brtva Plast - June 23, 2021 - Najkvalitetnija WC Sjedala","og_description":"LIDO - Brtva Plast - 2026 - Najkvalitetnija WC Sjedala - 2478 - Dobro do\u0161li u svijet najboljih WC Sjedala na tr\u017ei\u0161tu...","og_url":"https:\/\/brtva-plast.hr\/en\/product\/lido\/","og_site_name":"Brtva Plast","article_publisher":"https:\/\/www.facebook.com\/Brtva-plast-237635193107523\/","article_modified_time":"2021-10-21T06:46:50+00:00","og_image":[{"width":600,"height":600,"url":"https:\/\/i0.wp.com\/brtva-plast.hr\/wp-content\/uploads\/2021\/06\/LIDO-UNI.png?fit=600%2C600&ssl=1","type":"image\/png"}],"twitter_card":"summary_large_image","schema":{"@context":"https:\/\/schema.org","@graph":[{"@type":"WebPage","@id":"https:\/\/brtva-plast.hr\/proizvod\/lido\/","url":"https:\/\/brtva-plast.hr\/proizvod\/lido\/","name":"LIDO - Brtva Plast - June 23, 2021 - Najkvalitetnija WC Sjedala","isPartOf":{"@id":"https:\/\/brtva-plast.hr\/en\/#website"},"primaryImageOfPage":{"@id":"https:\/\/brtva-plast.hr\/proizvod\/lido\/#primaryimage"},"image":{"@id":"https:\/\/brtva-plast.hr\/proizvod\/lido\/#primaryimage"},"thumbnailUrl":"https:\/\/i0.wp.com\/brtva-plast.hr\/wp-content\/uploads\/2021\/06\/LIDO-UNI.png?fit=600%2C600&ssl=1","datePublished":"2021-06-23T08:03:00+00:00","dateModified":"2021-10-21T06:46:50+00:00","description":"LIDO - Brtva Plast - 2026 - Najkvalitetnija WC Sjedala - 2478 - Dobro do\u0161li u svijet najboljih WC Sjedala na tr\u017ei\u0161tu...","breadcrumb":{"@id":"https:\/\/brtva-plast.hr\/proizvod\/lido\/#breadcrumb"},"inLanguage":"en-GB","potentialAction":[{"@type":"ReadAction","target":["https:\/\/brtva-plast.hr\/proizvod\/lido\/"]}]},{"@type":"ImageObject","inLanguage":"en-GB","@id":"https:\/\/brtva-plast.hr\/proizvod\/lido\/#primaryimage","url":"https:\/\/i0.wp.com\/brtva-plast.hr\/wp-content\/uploads\/2021\/06\/LIDO-UNI.png?fit=600%2C600&ssl=1","contentUrl":"https:\/\/i0.wp.com\/brtva-plast.hr\/wp-content\/uploads\/2021\/06\/LIDO-UNI.png?fit=600%2C600&ssl=1","width":600,"height":600,"caption":"LIDO UNI"},{"@type":"BreadcrumbList","@id":"https:\/\/brtva-plast.hr\/proizvod\/lido\/#breadcrumb","itemListElement":[{"@type":"ListItem","position":1,"name":"Home","item":"https:\/\/brtva-plast.hr\/"},{"@type":"ListItem","position":2,"name":"Proizvodi","item":"https:\/\/brtva-plast.hr\/proizvodi\/"},{"@type":"ListItem","position":3,"name":"LIDO"}]},{"@type":"WebSite","@id":"https:\/\/brtva-plast.hr\/en\/#website","url":"https:\/\/brtva-plast.hr\/en\/","name":"Brtva Plast","description":"Najkvalitetnija WC Sjedala","publisher":{"@id":"https:\/\/brtva-plast.hr\/en\/#organization"},"potentialAction":[{"@type":"SearchAction","target":{"@type":"EntryPoint","urlTemplate":"https:\/\/brtva-plast.hr\/en\/?s={search_term_string}"},"query-input":{"@type":"PropertyValueSpecification","valueRequired":true,"valueName":"search_term_string"}}],"inLanguage":"en-GB"},{"@type":"Organization","@id":"https:\/\/brtva-plast.hr\/en\/#organization","name":"Brtva Plast","url":"https:\/\/brtva-plast.hr\/en\/","logo":{"@type":"ImageObject","inLanguage":"en-GB","@id":"https:\/\/brtva-plast.hr\/en\/#\/schema\/logo\/image\/","url":"https:\/\/brtva-plast.hr\/wp-content\/uploads\/2021\/05\/output-onlinepngtools-1.png","contentUrl":"https:\/\/brtva-plast.hr\/wp-content\/uploads\/2021\/05\/output-onlinepngtools-1.png","width":1772,"height":591,"caption":"Brtva Plast"},"image":{"@id":"https:\/\/brtva-plast.hr\/en\/#\/schema\/logo\/image\/"},"sameAs":["https:\/\/www.facebook.com\/Brtva-plast-237635193107523\/"]}]}},"jetpack_sharing_enabled":true,"_links":{"self":[{"href":"https:\/\/brtva-plast.hr\/en\/wp-json\/wp\/v2\/product\/2478","targetHints":{"allow":["GET"]}}],"collection":[{"href":"https:\/\/brtva-plast.hr\/en\/wp-json\/wp\/v2\/product"}],"about":[{"href":"https:\/\/brtva-plast.hr\/en\/wp-json\/wp\/v2\/types\/product"}],"version-history":[{"count":2,"href":"https:\/\/brtva-plast.hr\/en\/wp-json\/wp\/v2\/product\/2478\/revisions"}],"predecessor-version":[{"id":2833,"href":"https:\/\/brtva-plast.hr\/en\/wp-json\/wp\/v2\/product\/2478\/revisions\/2833"}],"wp:featuredmedia":[{"embeddable":true,"href":"https:\/\/brtva-plast.hr\/en\/wp-json\/wp\/v2\/media\/2929"}],"wp:attachment":[{"href":"https:\/\/brtva-plast.hr\/en\/wp-json\/wp\/v2\/media?parent=2478"}],"wp:term":[{"taxonomy":"product_brand","embeddable":true,"href":"https:\/\/brtva-plast.hr\/en\/wp-json\/wp\/v2\/product_brand?post=2478"},{"taxonomy":"product_cat","embeddable":true,"href":"https:\/\/brtva-plast.hr\/en\/wp-json\/wp\/v2\/product_cat?post=2478"},{"taxonomy":"product_tag","embeddable":true,"href":"https:\/\/brtva-plast.hr\/en\/wp-json\/wp\/v2\/product_tag?post=2478"}],"curies":[{"name":"wp","href":"https:\/\/api.w.org\/{rel}","templated":true}]}}