{"id":18,"date":"2021-05-04T12:33:58","date_gmt":"2021-05-04T12:33:58","guid":{"rendered":"https:\/\/brtva-plast.hr\/?page_id=18"},"modified":"2023-10-09T18:58:37","modified_gmt":"2023-10-09T18:58:37","slug":"kontakti","status":"publish","type":"page","link":"https:\/\/brtva-plast.hr\/en\/kontakti\/","title":{"rendered":"Contact"},"content":{"rendered":"<div data-elementor-type=\"wp-page\" data-elementor-id=\"18\" class=\"elementor elementor-18\">\n\t\t\t\t\t\t<section class=\"elementor-section elementor-top-section elementor-element elementor-element-3ac16f7 elementor-section-stretched elementor-section-boxed elementor-section-height-default elementor-section-height-default\" data-id=\"3ac16f7\" data-element_type=\"section\" data-e-type=\"section\" data-settings=\"{&quot;stretch_section&quot;:&quot;section-stretched&quot;,&quot;background_background&quot;:&quot;classic&quot;}\">\n\t\t\t\t\t\t<div class=\"elementor-container elementor-column-gap-default\">\n\t\t\t\t\t<div class=\"elementor-column elementor-col-66 elementor-top-column elementor-element elementor-element-6827453\" data-id=\"6827453\" data-element_type=\"column\" data-e-type=\"column\">\n\t\t\t<div class=\"elementor-widget-wrap elementor-element-populated\">\n\t\t\t\t\t\t\t<\/div>\n\t\t<\/div>\n\t\t\t\t<div class=\"elementor-column elementor-col-33 elementor-top-column elementor-element elementor-element-ad59cdf\" data-id=\"ad59cdf\" data-element_type=\"column\" data-e-type=\"column\">\n\t\t\t<div class=\"elementor-widget-wrap elementor-element-populated\">\n\t\t\t\t\t\t<div class=\"elementor-element elementor-element-f496c31 elementor-widget elementor-widget-text-editor\" data-id=\"f496c31\" data-element_type=\"widget\" data-e-type=\"widget\" data-widget_type=\"text-editor.default\">\n\t\t\t\t<div class=\"elementor-widget-container\">\n\t\t\t\t\t\t\t\t\t<h3>Brtva Plast<\/h3>\n<p><strong>Headquarter: <span class=\"LrzXr\">Ul. Oktavijana Vali\u0107a 34A, 51000, Rijeka<\/span><\/strong><\/p>\n<p><strong>Manufacturing - Warehouse: Kukuljanovo 343, 51227, Bakar<\/strong><\/p>\n<p><strong>Retail: Braj\u0161ina ul. 1, 51000, Rijeka (AquaSan)<\/strong><\/p><p class=\"translation-block\"><strong>Official site:<\/strong> <span style=\"text-decoration: underline\"><a href=\"https:\/\/brtva-plast.hr\/en\/\" target=\"_self\" rel=\"noopener\">brtva-plast.hr<\/a><\/span><\/p>\n<p><strong>Email:<\/strong><a href=\"mailto:info@brtva-plast.hr\"> <span style=\"text-decoration: underline;\">info@brtva-plast.hr<\/span><\/a><\/p>\n<p><strong><span class=\"GRkHZd w8qArf\">Telephone:<\/span><\/strong> <span style=\"text-decoration: underline;\"><span class=\"GRkHZd w8qArf\">+385(<\/span><span class=\"LrzXr zdqRlf kno-fv\">51) 226-942<\/span><\/span><\/p>\t\t\t\t\t\t\t\t<\/div>\n\t\t\t\t<\/div>\n\t\t\t\t\t<\/div>\n\t\t<\/div>\n\t\t\t\t\t<\/div>\n\t\t<\/section>\n\t\t\t\t<section class=\"elementor-section elementor-top-section elementor-element elementor-element-f73ad2b elementor-section-boxed elementor-section-height-default elementor-section-height-default\" data-id=\"f73ad2b\" data-element_type=\"section\" data-e-type=\"section\">\n\t\t\t\t\t\t<div class=\"elementor-container elementor-column-gap-default\">\n\t\t\t\t\t<div class=\"elementor-column elementor-col-100 elementor-top-column elementor-element elementor-element-70979e2\" data-id=\"70979e2\" data-element_type=\"column\" data-e-type=\"column\">\n\t\t\t<div class=\"elementor-widget-wrap elementor-element-populated\">\n\t\t\t\t\t\t<div class=\"elementor-element elementor-element-3502176 elementor-widget elementor-widget-spacer\" data-id=\"3502176\" data-element_type=\"widget\" data-e-type=\"widget\" data-widget_type=\"spacer.default\">\n\t\t\t\t<div class=\"elementor-widget-container\">\n\t\t\t\t\t\t\t<div class=\"elementor-spacer\">\n\t\t\t<div class=\"elementor-spacer-inner\"><\/div>\n\t\t<\/div>\n\t\t\t\t\t\t<\/div>\n\t\t\t\t<\/div>\n\t\t\t\t\t<\/div>\n\t\t<\/div>\n\t\t\t\t\t<\/div>\n\t\t<\/section>\n\t\t\t\t<section class=\"elementor-section elementor-top-section elementor-element elementor-element-006f467 elementor-section-boxed elementor-section-height-default elementor-section-height-default\" data-id=\"006f467\" data-element_type=\"section\" data-e-type=\"section\">\n\t\t\t\t\t\t<div class=\"elementor-container elementor-column-gap-default\">\n\t\t\t\t\t<div class=\"elementor-column elementor-col-100 elementor-top-column elementor-element elementor-element-e35e175\" data-id=\"e35e175\" data-element_type=\"column\" data-e-type=\"column\">\n\t\t\t<div class=\"elementor-widget-wrap elementor-element-populated\">\n\t\t\t\t\t\t<div class=\"elementor-element elementor-element-20a6d83 elementor-widget elementor-widget-shortcode\" data-id=\"20a6d83\" data-element_type=\"widget\" data-e-type=\"widget\" data-widget_type=\"shortcode.default\">\n\t\t\t\t<div class=\"elementor-widget-container\">\n\t\t\t\t\t\t\t<div class=\"elementor-shortcode\"><lord-icon src=\"http:\/\/brtva-plast.hr\/wp-content\/uploads\/2021\/06\/18-location-pin-outline-edited-1.json\" trigger=\"loop-on-hover\" stroke=\"50\" colors=\"primary:#121331,secondary:#121331\" style=\"width:200px;height:200px;\"><\/lord-icon><\/div>\n\t\t\t\t\t\t<\/div>\n\t\t\t\t<\/div>\n\t\t\t\t\t<\/div>\n\t\t<\/div>\n\t\t\t\t\t<\/div>\n\t\t<\/section>\n\t\t\t\t<section class=\"elementor-section elementor-top-section elementor-element elementor-element-61947a7 elementor-section-stretched elementor-section-boxed elementor-section-height-default elementor-section-height-default\" data-id=\"61947a7\" data-element_type=\"section\" data-e-type=\"section\" data-settings=\"{&quot;stretch_section&quot;:&quot;section-stretched&quot;}\">\n\t\t\t\t\t\t<div class=\"elementor-container elementor-column-gap-default\">\n\t\t\t\t\t<div class=\"elementor-column elementor-col-100 elementor-top-column elementor-element elementor-element-e19be98\" data-id=\"e19be98\" data-element_type=\"column\" data-e-type=\"column\">\n\t\t\t<div class=\"elementor-widget-wrap elementor-element-populated\">\n\t\t\t\t\t\t<div class=\"elementor-element elementor-element-f869c6f elementor-widget elementor-widget-heading\" data-id=\"f869c6f\" data-element_type=\"widget\" data-e-type=\"widget\" data-widget_type=\"heading.default\">\n\t\t\t\t<div class=\"elementor-widget-container\">\n\t\t\t\t\t<h3 class=\"elementor-heading-title elementor-size-default\">Manufacturing - Warehouse <\/h3>\t\t\t\t<\/div>\n\t\t\t\t<\/div>\n\t\t\t\t\t<\/div>\n\t\t<\/div>\n\t\t\t\t\t<\/div>\n\t\t<\/section>\n\t\t\t\t<section class=\"elementor-section elementor-top-section elementor-element elementor-element-52a0517 elementor-section-stretched elementor-section-boxed elementor-section-height-default elementor-section-height-default\" data-id=\"52a0517\" data-element_type=\"section\" data-e-type=\"section\" data-settings=\"{&quot;stretch_section&quot;:&quot;section-stretched&quot;}\">\n\t\t\t\t\t\t<div class=\"elementor-container elementor-column-gap-no\">\n\t\t\t\t\t<div class=\"elementor-column elementor-col-100 elementor-top-column elementor-element elementor-element-449fc9f\" data-id=\"449fc9f\" data-element_type=\"column\" data-e-type=\"column\">\n\t\t\t<div class=\"elementor-widget-wrap elementor-element-populated\">\n\t\t\t\t\t\t<div class=\"elementor-element elementor-element-96e8550 elementor-invisible elementor-widget elementor-widget-google_maps\" data-id=\"96e8550\" data-element_type=\"widget\" data-e-type=\"widget\" data-settings=\"{&quot;_animation&quot;:&quot;zoomIn&quot;}\" data-widget_type=\"google_maps.default\">\n\t\t\t\t<div class=\"elementor-widget-container\">\n\t\t\t\t\t\t\t<div class=\"elementor-custom-embed\">\n\t\t\t<iframe loading=\"lazy\"\n\t\t\t\t\tsrc=\"https:\/\/maps.google.com\/maps?q=Kukuljanovo%20343%2C%2051227%2C%20Bakar&#038;t=m&#038;z=17&#038;output=embed&#038;iwloc=near\"\n\t\t\t\t\ttitle=\"Kukuljanovo 343, 51227, Bakar\"\n\t\t\t\t\taria-label=\"Kukuljanovo 343, 51227, Bakar\"\n\t\t\t><\/iframe>\n\t\t<\/div>\n\t\t\t\t\t\t<\/div>\n\t\t\t\t<\/div>\n\t\t\t\t\t<\/div>\n\t\t<\/div>\n\t\t\t\t\t<\/div>\n\t\t<\/section>\n\t\t\t\t<section class=\"elementor-section elementor-top-section elementor-element elementor-element-f881f4e elementor-section-boxed elementor-section-height-default elementor-section-height-default\" data-id=\"f881f4e\" data-element_type=\"section\" data-e-type=\"section\">\n\t\t\t\t\t\t<div class=\"elementor-container elementor-column-gap-default\">\n\t\t\t\t\t<div class=\"elementor-column elementor-col-100 elementor-top-column elementor-element elementor-element-1af1e65\" data-id=\"1af1e65\" data-element_type=\"column\" data-e-type=\"column\">\n\t\t\t<div class=\"elementor-widget-wrap elementor-element-populated\">\n\t\t\t\t\t\t<div class=\"elementor-element elementor-element-d9cc4c7 elementor-widget elementor-widget-spacer\" data-id=\"d9cc4c7\" data-element_type=\"widget\" data-e-type=\"widget\" data-widget_type=\"spacer.default\">\n\t\t\t\t<div class=\"elementor-widget-container\">\n\t\t\t\t\t\t\t<div class=\"elementor-spacer\">\n\t\t\t<div class=\"elementor-spacer-inner\"><\/div>\n\t\t<\/div>\n\t\t\t\t\t\t<\/div>\n\t\t\t\t<\/div>\n\t\t\t\t\t<\/div>\n\t\t<\/div>\n\t\t\t\t\t<\/div>\n\t\t<\/section>\n\t\t\t\t<section class=\"elementor-section elementor-top-section elementor-element elementor-element-379c4cf elementor-section-boxed elementor-section-height-default elementor-section-height-default\" data-id=\"379c4cf\" data-element_type=\"section\" data-e-type=\"section\">\n\t\t\t\t\t\t<div class=\"elementor-container elementor-column-gap-default\">\n\t\t\t\t\t<div class=\"elementor-column elementor-col-100 elementor-top-column elementor-element elementor-element-510c228\" data-id=\"510c228\" data-element_type=\"column\" data-e-type=\"column\">\n\t\t\t<div class=\"elementor-widget-wrap elementor-element-populated\">\n\t\t\t\t\t\t<div class=\"elementor-element elementor-element-a82b31c elementor-widget elementor-widget-shortcode\" data-id=\"a82b31c\" data-element_type=\"widget\" data-e-type=\"widget\" data-widget_type=\"shortcode.default\">\n\t\t\t\t<div class=\"elementor-widget-container\">\n\t\t\t\t\t\t\t<div class=\"elementor-shortcode\"><lord-icon src=\"http:\/\/brtva-plast.hr\/wp-content\/uploads\/2021\/06\/18-location-pin-outline-edited-1.json\" trigger=\"loop-on-hover\" stroke=\"50\" colors=\"primary:#121331,secondary:#121331\" style=\"width:200px;height:200px;\"><\/lord-icon><\/div>\n\t\t\t\t\t\t<\/div>\n\t\t\t\t<\/div>\n\t\t\t\t\t<\/div>\n\t\t<\/div>\n\t\t\t\t\t<\/div>\n\t\t<\/section>\n\t\t\t\t<section class=\"elementor-section elementor-top-section elementor-element elementor-element-0e999cb elementor-section-stretched elementor-section-boxed elementor-section-height-default elementor-section-height-default\" data-id=\"0e999cb\" data-element_type=\"section\" data-e-type=\"section\" data-settings=\"{&quot;stretch_section&quot;:&quot;section-stretched&quot;}\">\n\t\t\t\t\t\t<div class=\"elementor-container elementor-column-gap-default\">\n\t\t\t\t\t<div class=\"elementor-column elementor-col-100 elementor-top-column elementor-element elementor-element-47720bf\" data-id=\"47720bf\" data-element_type=\"column\" data-e-type=\"column\">\n\t\t\t<div class=\"elementor-widget-wrap elementor-element-populated\">\n\t\t\t\t\t\t<div class=\"elementor-element elementor-element-ce56910 elementor-widget elementor-widget-heading\" data-id=\"ce56910\" data-element_type=\"widget\" data-e-type=\"widget\" data-widget_type=\"heading.default\">\n\t\t\t\t<div class=\"elementor-widget-container\">\n\t\t\t\t\t<h3 class=\"elementor-heading-title elementor-size-default\">Retail store - AquaSan<\/h3>\t\t\t\t<\/div>\n\t\t\t\t<\/div>\n\t\t\t\t\t<\/div>\n\t\t<\/div>\n\t\t\t\t\t<\/div>\n\t\t<\/section>\n\t\t\t\t<section class=\"elementor-section elementor-top-section elementor-element elementor-element-ba6414f elementor-section-stretched elementor-section-boxed elementor-section-height-default elementor-section-height-default\" data-id=\"ba6414f\" data-element_type=\"section\" data-e-type=\"section\" data-settings=\"{&quot;stretch_section&quot;:&quot;section-stretched&quot;}\">\n\t\t\t\t\t\t<div class=\"elementor-container elementor-column-gap-default\">\n\t\t\t\t\t<div class=\"elementor-column elementor-col-100 elementor-top-column elementor-element elementor-element-3c0a44b\" data-id=\"3c0a44b\" data-element_type=\"column\" data-e-type=\"column\">\n\t\t\t<div class=\"elementor-widget-wrap elementor-element-populated\">\n\t\t\t\t\t\t<div class=\"elementor-element elementor-element-9264f42 elementor-widget elementor-widget-google_maps\" data-id=\"9264f42\" data-element_type=\"widget\" data-e-type=\"widget\" data-widget_type=\"google_maps.default\">\n\t\t\t\t<div class=\"elementor-widget-container\">\n\t\t\t\t\t\t\t<div class=\"elementor-custom-embed\">\n\t\t\t<iframe loading=\"lazy\"\n\t\t\t\t\tsrc=\"https:\/\/maps.google.com\/maps?q=Braj%C5%A1ina%20ul.%201%2C%2051000%2C%20Rijeka&#038;t=m&#038;z=15&#038;output=embed&#038;iwloc=near\"\n\t\t\t\t\ttitle=\"Braj\u0161ina ul. 1, 51000, Rijeka\"\n\t\t\t\t\taria-label=\"Braj\u0161ina ul. 1, 51000, Rijeka\"\n\t\t\t><\/iframe>\n\t\t<\/div>\n\t\t\t\t\t\t<\/div>\n\t\t\t\t<\/div>\n\t\t\t\t\t<\/div>\n\t\t<\/div>\n\t\t\t\t\t<\/div>\n\t\t<\/section>\n\t\t\t\t<\/div>","protected":false},"excerpt":{"rendered":"<p>Brtva Plast Sjedi\u0161te: Ul. Oktavijana Vali\u0107a 34A, 51000, Rijeka Proizvodnja: Kukuljanovo 343, 51227, Bakar Maloprodaja: Braj\u0161ina ul. 1, 51000, Rijeka (AquaSan) Slu\u017ebena [&hellip;]<\/p>","protected":false},"author":1,"featured_media":0,"parent":0,"menu_order":0,"comment_status":"closed","ping_status":"closed","template":"elementor_header_footer","meta":{"_monsterinsights_skip_tracking":false,"_monsterinsights_sitenote_active":false,"_monsterinsights_sitenote_note":"","_monsterinsights_sitenote_category":0,"footnotes":""},"class_list":["post-18","page","type-page","status-publish","hentry"],"yoast_head":"<!-- This site is optimized with the Yoast SEO plugin v27.3 - https:\/\/yoast.com\/product\/yoast-seo-wordpress\/ -->\n<title>Kontakt - Brtva Plast - 2026 - Najkvalitetnija WC Sjedala -<\/title>\n<meta name=\"description\" content=\"Kontakt - Posjetite na\u0161u maloprodajnu poslovnicu u Rijeci ili kontaktirajte putem mail-a za vi\u0161e informacija o dostupnoj ponudi...\" \/>\n<meta name=\"robots\" content=\"index, follow, max-snippet:-1, max-image-preview:large, max-video-preview:-1\" \/>\n<link rel=\"canonical\" href=\"https:\/\/brtva-plast.hr\/en\/kontakti\/\" \/>\n<meta property=\"og:locale\" content=\"en_GB\" \/>\n<meta property=\"og:type\" content=\"article\" \/>\n<meta property=\"og:title\" content=\"Kontakt - Brtva Plast - 2026 - Najkvalitetnija WC Sjedala -\" \/>\n<meta property=\"og:description\" content=\"Kontakt - Posjetite na\u0161u maloprodajnu poslovnicu u Rijeci ili kontaktirajte putem mail-a za vi\u0161e informacija o dostupnoj ponudi...\" \/>\n<meta property=\"og:url\" content=\"https:\/\/brtva-plast.hr\/en\/kontakti\/\" \/>\n<meta property=\"og:site_name\" content=\"Brtva Plast\" \/>\n<meta property=\"article:publisher\" content=\"https:\/\/www.facebook.com\/Brtva-plast-237635193107523\/\" \/>\n<meta property=\"article:modified_time\" content=\"2023-10-09T18:58:37+00:00\" \/>\n<meta name=\"twitter:card\" content=\"summary_large_image\" \/>\n<meta name=\"twitter:label1\" content=\"Estimated reading time\" \/>\n\t<meta name=\"twitter:data1\" content=\"1 minute\" \/>\n<script type=\"application\/ld+json\" class=\"yoast-schema-graph\">{\"@context\":\"https:\\\/\\\/schema.org\",\"@graph\":[{\"@type\":\"WebPage\",\"@id\":\"https:\\\/\\\/brtva-plast.hr\\\/kontakti\\\/\",\"url\":\"https:\\\/\\\/brtva-plast.hr\\\/kontakti\\\/\",\"name\":\"Kontakt - Brtva Plast - 2026 - Najkvalitetnija WC Sjedala -\",\"isPartOf\":{\"@id\":\"https:\\\/\\\/brtva-plast.hr\\\/en\\\/#website\"},\"datePublished\":\"2021-05-04T12:33:58+00:00\",\"dateModified\":\"2023-10-09T18:58:37+00:00\",\"description\":\"Kontakt - Posjetite na\u0161u maloprodajnu poslovnicu u Rijeci ili kontaktirajte putem mail-a za vi\u0161e informacija o dostupnoj ponudi...\",\"breadcrumb\":{\"@id\":\"https:\\\/\\\/brtva-plast.hr\\\/kontakti\\\/#breadcrumb\"},\"inLanguage\":\"en-GB\",\"potentialAction\":[{\"@type\":\"ReadAction\",\"target\":[\"https:\\\/\\\/brtva-plast.hr\\\/kontakti\\\/\"]}]},{\"@type\":\"BreadcrumbList\",\"@id\":\"https:\\\/\\\/brtva-plast.hr\\\/kontakti\\\/#breadcrumb\",\"itemListElement\":[{\"@type\":\"ListItem\",\"position\":1,\"name\":\"Home\",\"item\":\"https:\\\/\\\/brtva-plast.hr\\\/\"},{\"@type\":\"ListItem\",\"position\":2,\"name\":\"Kontakt\"}]},{\"@type\":\"WebSite\",\"@id\":\"https:\\\/\\\/brtva-plast.hr\\\/en\\\/#website\",\"url\":\"https:\\\/\\\/brtva-plast.hr\\\/en\\\/\",\"name\":\"Brtva Plast\",\"description\":\"Najkvalitetnija WC Sjedala\",\"publisher\":{\"@id\":\"https:\\\/\\\/brtva-plast.hr\\\/en\\\/#organization\"},\"potentialAction\":[{\"@type\":\"SearchAction\",\"target\":{\"@type\":\"EntryPoint\",\"urlTemplate\":\"https:\\\/\\\/brtva-plast.hr\\\/en\\\/?s={search_term_string}\"},\"query-input\":{\"@type\":\"PropertyValueSpecification\",\"valueRequired\":true,\"valueName\":\"search_term_string\"}}],\"inLanguage\":\"en-GB\"},{\"@type\":\"Organization\",\"@id\":\"https:\\\/\\\/brtva-plast.hr\\\/en\\\/#organization\",\"name\":\"Brtva Plast\",\"url\":\"https:\\\/\\\/brtva-plast.hr\\\/en\\\/\",\"logo\":{\"@type\":\"ImageObject\",\"inLanguage\":\"en-GB\",\"@id\":\"https:\\\/\\\/brtva-plast.hr\\\/en\\\/#\\\/schema\\\/logo\\\/image\\\/\",\"url\":\"https:\\\/\\\/brtva-plast.hr\\\/wp-content\\\/uploads\\\/2021\\\/05\\\/output-onlinepngtools-1.png\",\"contentUrl\":\"https:\\\/\\\/brtva-plast.hr\\\/wp-content\\\/uploads\\\/2021\\\/05\\\/output-onlinepngtools-1.png\",\"width\":1772,\"height\":591,\"caption\":\"Brtva Plast\"},\"image\":{\"@id\":\"https:\\\/\\\/brtva-plast.hr\\\/en\\\/#\\\/schema\\\/logo\\\/image\\\/\"},\"sameAs\":[\"https:\\\/\\\/www.facebook.com\\\/Brtva-plast-237635193107523\\\/\"]}]}<\/script>\n<!-- \/ Yoast SEO plugin. -->","yoast_head_json":{"title":"Kontakt - Brtva Plast - 2026 - Najkvalitetnija WC Sjedala -","description":"Kontakt - Posjetite na\u0161u maloprodajnu poslovnicu u Rijeci ili kontaktirajte putem mail-a za vi\u0161e informacija o dostupnoj ponudi...","robots":{"index":"index","follow":"follow","max-snippet":"max-snippet:-1","max-image-preview":"max-image-preview:large","max-video-preview":"max-video-preview:-1"},"canonical":"https:\/\/brtva-plast.hr\/en\/kontakti\/","og_locale":"en_GB","og_type":"article","og_title":"Kontakt - Brtva Plast - 2026 - Najkvalitetnija WC Sjedala -","og_description":"Kontakt - Posjetite na\u0161u maloprodajnu poslovnicu u Rijeci ili kontaktirajte putem mail-a za vi\u0161e informacija o dostupnoj ponudi...","og_url":"https:\/\/brtva-plast.hr\/en\/kontakti\/","og_site_name":"Brtva Plast","article_publisher":"https:\/\/www.facebook.com\/Brtva-plast-237635193107523\/","article_modified_time":"2023-10-09T18:58:37+00:00","twitter_card":"summary_large_image","twitter_misc":{"Estimated reading time":"1 minute"},"schema":{"@context":"https:\/\/schema.org","@graph":[{"@type":"WebPage","@id":"https:\/\/brtva-plast.hr\/kontakti\/","url":"https:\/\/brtva-plast.hr\/kontakti\/","name":"Kontakt - Brtva Plast - 2026 - Najkvalitetnija WC Sjedala -","isPartOf":{"@id":"https:\/\/brtva-plast.hr\/en\/#website"},"datePublished":"2021-05-04T12:33:58+00:00","dateModified":"2023-10-09T18:58:37+00:00","description":"Kontakt - Posjetite na\u0161u maloprodajnu poslovnicu u Rijeci ili kontaktirajte putem mail-a za vi\u0161e informacija o dostupnoj ponudi...","breadcrumb":{"@id":"https:\/\/brtva-plast.hr\/kontakti\/#breadcrumb"},"inLanguage":"en-GB","potentialAction":[{"@type":"ReadAction","target":["https:\/\/brtva-plast.hr\/kontakti\/"]}]},{"@type":"BreadcrumbList","@id":"https:\/\/brtva-plast.hr\/kontakti\/#breadcrumb","itemListElement":[{"@type":"ListItem","position":1,"name":"Home","item":"https:\/\/brtva-plast.hr\/"},{"@type":"ListItem","position":2,"name":"Kontakt"}]},{"@type":"WebSite","@id":"https:\/\/brtva-plast.hr\/en\/#website","url":"https:\/\/brtva-plast.hr\/en\/","name":"Brtva Plast","description":"Najkvalitetnija WC Sjedala","publisher":{"@id":"https:\/\/brtva-plast.hr\/en\/#organization"},"potentialAction":[{"@type":"SearchAction","target":{"@type":"EntryPoint","urlTemplate":"https:\/\/brtva-plast.hr\/en\/?s={search_term_string}"},"query-input":{"@type":"PropertyValueSpecification","valueRequired":true,"valueName":"search_term_string"}}],"inLanguage":"en-GB"},{"@type":"Organization","@id":"https:\/\/brtva-plast.hr\/en\/#organization","name":"Brtva Plast","url":"https:\/\/brtva-plast.hr\/en\/","logo":{"@type":"ImageObject","inLanguage":"en-GB","@id":"https:\/\/brtva-plast.hr\/en\/#\/schema\/logo\/image\/","url":"https:\/\/brtva-plast.hr\/wp-content\/uploads\/2021\/05\/output-onlinepngtools-1.png","contentUrl":"https:\/\/brtva-plast.hr\/wp-content\/uploads\/2021\/05\/output-onlinepngtools-1.png","width":1772,"height":591,"caption":"Brtva Plast"},"image":{"@id":"https:\/\/brtva-plast.hr\/en\/#\/schema\/logo\/image\/"},"sameAs":["https:\/\/www.facebook.com\/Brtva-plast-237635193107523\/"]}]}},"jetpack_sharing_enabled":true,"_links":{"self":[{"href":"https:\/\/brtva-plast.hr\/en\/wp-json\/wp\/v2\/pages\/18","targetHints":{"allow":["GET"]}}],"collection":[{"href":"https:\/\/brtva-plast.hr\/en\/wp-json\/wp\/v2\/pages"}],"about":[{"href":"https:\/\/brtva-plast.hr\/en\/wp-json\/wp\/v2\/types\/page"}],"author":[{"embeddable":true,"href":"https:\/\/brtva-plast.hr\/en\/wp-json\/wp\/v2\/users\/1"}],"replies":[{"embeddable":true,"href":"https:\/\/brtva-plast.hr\/en\/wp-json\/wp\/v2\/comments?post=18"}],"version-history":[{"count":118,"href":"https:\/\/brtva-plast.hr\/en\/wp-json\/wp\/v2\/pages\/18\/revisions"}],"predecessor-version":[{"id":4173,"href":"https:\/\/brtva-plast.hr\/en\/wp-json\/wp\/v2\/pages\/18\/revisions\/4173"}],"wp:attachment":[{"href":"https:\/\/brtva-plast.hr\/en\/wp-json\/wp\/v2\/media?parent=18"}],"curies":[{"name":"wp","href":"https:\/\/api.w.org\/{rel}","templated":true}]}}